{"id":1089,"date":"2023-08-31T16:30:34","date_gmt":"2023-08-31T14:30:34","guid":{"rendered":"http:\/\/derbyriccione.demo8.pensareweb.it\/home\/"},"modified":"2026-03-13T12:46:18","modified_gmt":"2026-03-13T11:46:18","slug":"home","status":"publish","type":"page","link":"https:\/\/derbyriccione.it\/de\/","title":{"rendered":"Home"},"content":{"rendered":"\n<!-- featured-1col-txt acf-block -->\n<div class=\"relative wp-block-group\">\n\n\t\t\t\t<div class=\"mx-8 max-w-7xl xl:mx-auto\">\n\t\t\t\t\n\t\t\t\t\t\t\t\t\t<h1 data-aos=\"zoom-in\" class=\"leading-tight font-kristi text-center ft-text-7xl\">\n\t\t\t\t\t\tHotel Derby Riccione\t\t\t\t\t<\/h1>\n\t\t\t\t\n\t\t\t\t<!-- sottotitolo -->\n\t\t\t\t\t\t\t\t<h3 data-aos=\"zoom-in\" data-aos-delay=\"50\" class=\"leading-tight text-firstColor-500 text-center ft-text-lg\">\n\t\t\t\t\t3-Sterne-Hotels Riccione\t\t\t\t<\/h3>\n\t\t\t\t\t\t\t\t\n\t\t\t\t<div data-aos=\"zoom-in\" data-aos-delay=\"100\" class=\"mt-8 text-center\">\n\t\t\t\t\t\t\t\t\t\t\t<p style=\"text-align: center;\"><strong>Willkommen im Hotel Derby Riccione \u2013 Ihrem familiengef\u00fchrten 3-Sterne-Hotel im Herzen der Riviera Romagnola, wo Sie sich im Urlaub wie zu Hause f\u00fchlen.<br \/>\nEin herzlicher Empfang, ein aufrichtiges L\u00e4cheln, ein authentischer Urlaub!<br \/>\n<\/strong><\/p>\n<p style=\"text-align: center;\">Hier sind Sie nicht nur ein Gast: Sie sind Teil unserer Familie und werden mit einem aufrichtigen L\u00e4cheln und der herzlichen Gastfreundschaft empfangen, die nur ein familiengef\u00fchrtes Hotel bieten kann.<br \/>\nJedes L\u00e4cheln, jede Liebe zum Detail, jede freundliche Geste entspringt der Leidenschaft, mit der wir die T\u00fcren unseres Hauses f\u00fcr diejenigen \u00f6ffnen, die sich entschlie\u00dfen, einen unvergesslichen Urlaub bei uns zu verbringen.<\/p>\n<p>&nbsp;<\/p>\n<p>&nbsp;<\/p>\n\t\t\t\t\t\t\t\t\t<\/div>\n\t\t\t<\/div>\n\n<\/div>\n\n<!-- block:repeater-content acf-block -->\n<div class=\"relative mx-8 lg:mx-auto max-w-7xl repeater-content wp-block-group\">\n\t\n\n\t<div class=\"absolute  -top-[100px] -left-[200px]  w-[400px]\" data-aos=\"fade-down-right\"\n     data-aos-easing=\"linear\"\n     data-aos-duration=\"1500\">\n\t<img decoding=\"async\" class=\"opacity-20 xl:opacity-40\" src=\"https:\/\/derbyriccione.it\/wp-content\/themes\/pbf-child\/build\/\/img\/sfondi\/fiori.png\"\/>\n<\/div>\n\t<div class=\"absolute -bottom-[200px] -right-[200px] w-[400px]\" data-aos=\"fade-down-left\"\n     data-aos-easing=\"linear\"\n     data-aos-duration=\"1500\">\n     <img decoding=\"async\" class=\"transform rotate-180 opacity-20 xl:opacity-100\" src=\"https:\/\/derbyriccione.it\/wp-content\/themes\/pbf-child\/build\/\/img\/sfondi\/fiori.png\"\/>\n<\/div>\n\t\t\t\n\t\t\t<div class=\"flex flex-col gap-4 mb-16 lg:rfs:gap-24 sm:rfs:mb-32 lg:flex-row lg:odd:flex-row-reverse\">\n\n\t\t\t\t<div class=\"flex items-center justify-center flex-1 gallery-container simple-lightbox-container\">\n\n\t\t\t\t\t<!-- gallery -->\n\t\t\t\t\t\t\t\t\t\t\t<div class=\"slider-gallery\">\n\t\t\t\t\t\t\t<div>\n\t\t\t\t\t\t\t\t\t\t\t\t\t\t\t\t\t\t\t\t\t\t\t\t\t\t<div class=\"relative simple-lightbox\">\n\n\t\t\t\t\t\t\t\t\t\t<a class=\"group\" href=\"https:\/\/derbyriccione.it\/wp-content\/uploads\/2024\/06\/il_nostro_hotel_hp.jpg\">\n\n\t\t\t\t\t\t\t\t\t\t\t<!-- effetto hover foto -->\n\t\t\t\t\t\t\t\t\t\t\t<div class=\"absolute text-white flex items-center text-4xl justify-center inset-0 z-10 w-[40px] h-[40px] -translate-x-6\/12 -translate-y-6\/12 left-[50%] top-[40%] transition-all duration-300 bg-firstColor-500 opacity-0 bg-opacity-0 group-hover:top-[50%] group-hover:opacity-100 group-hover:bg-opacity-100\">\n\t\t\t\t\t\t\t\t\t\t\t\t+\n\t\t\t\t\t\t\t\t\t\t\t<\/div>\n\t\t\t\t\t\t\t\t\t\t\t<!-- fine effetto hover foto -->\n\n\t\t\t\t\t\t\t\t\t\t\t<img loading=\"lazy\" decoding=\"async\" width=\"800\" height=\"1200\" src=\"https:\/\/derbyriccione.it\/wp-content\/uploads\/2024\/06\/il_nostro_hotel_hp.jpg\" class=\"w-full h-full object-cover aspect-3\/4\" alt=\"\" srcset=\"https:\/\/derbyriccione.it\/wp-content\/uploads\/2024\/06\/il_nostro_hotel_hp.jpg 800w, https:\/\/derbyriccione.it\/wp-content\/uploads\/2024\/06\/il_nostro_hotel_hp-320x480.jpg 320w, https:\/\/derbyriccione.it\/wp-content\/uploads\/2024\/06\/il_nostro_hotel_hp-768x1152.jpg 768w\" sizes=\"auto, (max-width: 800px) 100vw, 800px\" \/>\t\t\t\t\t\t\t\t\t\t<\/a>\n\n\t\t\t\t\t\t\t\t\t<\/div>\n\t\t\t\t\t\t\t\t\t\t\t\t\t\t\t<\/div>\n\t\t\t\t\t\t<\/div>\n\t\t\t\t\t\t\t\t\t<\/div>\n\n\t\t\t\t<div class=\"flex flex-col justify-center flex-1 mt-8 lg:mt-0 contenuto\">\n\n\t\t\t\t\t<!-- titolo -->\n\t\t\t\t\t\t\t\t\t\t\t<h2 class=\"font-bold leading-tight font-raleway ft-text-2xl text-firstColor-500\">\n\t\t\t\t\t\t\tUnser Hotel\t\t\t\t\t\t<\/h2>\n\t\t\t\t\t\n\t\t\t\t\t<!-- sottotitolo -->\n\t\t\t\t\t\n\t\t\t\t\t<!-- contenuto -->\n\t\t\t\t\t\t\t\t\t\t\t<div class=\"mt-8 testo\">\n\t\t\t\t\t\t\t<p>Willkommen im <strong>Hotel DERBY<\/strong>, einem gem\u00fctlichen Familienbetrieb in der malerischen Gegend von Abissinia, einer der attraktivsten Wohngegenden von Riccione. Nur wenige Schritte vom Meer und den Thermen von Riccione entfernt, ist das Hotel die ideale Wahl f\u00fcr einen entspannenden und erholsamen Urlaub.<\/p>\n\t\t\t\t\t\t<\/div>\n\t\t\t\t\t\n\t\t\t\t\t<!-- link -->\n\t\t\t\t\t\t\t\t\t\t\t\n\t\t\t\t\t\t\t\t\t\t\t\t\t\t\t\t\t\t\t\t\t\t\t\t<a class=\"btn light\" href=\"https:\/\/derbyriccione.it\/de\/hotel\/\">\n\t\t\t\t\t\t\t\t\t\tLESEN SIE MEHR\t\t\t\t\t\t\t\t\t<\/a>\n\t\t\t\t\t\t\t\t\t\t\t\t\t\t\t\n\t\t\t\t\t\t\t\t\t\t\t\n\t\t\t\t<\/div>\n\t\t\t<\/div>\n\n\t\t\n\t\t\t<div class=\"flex flex-col gap-4 mb-16 lg:rfs:gap-24 sm:rfs:mb-32 lg:flex-row lg:odd:flex-row-reverse\">\n\n\t\t\t\t<div class=\"flex items-center justify-center flex-1 gallery-container simple-lightbox-container\">\n\n\t\t\t\t\t<!-- gallery -->\n\t\t\t\t\t\t\t\t\t\t\t<div class=\"slider-gallery\">\n\t\t\t\t\t\t\t<div>\n\t\t\t\t\t\t\t\t\t\t\t\t\t\t\t\t\t\t\t\t\t\t\t\t\t\t<div class=\"relative simple-lightbox\">\n\n\t\t\t\t\t\t\t\t\t\t<a class=\"group\" href=\"https:\/\/derbyriccione.it\/wp-content\/uploads\/2024\/06\/ristorante_hp.jpg\">\n\n\t\t\t\t\t\t\t\t\t\t\t<!-- effetto hover foto -->\n\t\t\t\t\t\t\t\t\t\t\t<div class=\"absolute text-white flex items-center text-4xl justify-center inset-0 z-10 w-[40px] h-[40px] -translate-x-6\/12 -translate-y-6\/12 left-[50%] top-[40%] transition-all duration-300 bg-firstColor-500 opacity-0 bg-opacity-0 group-hover:top-[50%] group-hover:opacity-100 group-hover:bg-opacity-100\">\n\t\t\t\t\t\t\t\t\t\t\t\t+\n\t\t\t\t\t\t\t\t\t\t\t<\/div>\n\t\t\t\t\t\t\t\t\t\t\t<!-- fine effetto hover foto -->\n\n\t\t\t\t\t\t\t\t\t\t\t<img loading=\"lazy\" decoding=\"async\" width=\"800\" height=\"1200\" src=\"https:\/\/derbyriccione.it\/wp-content\/uploads\/2024\/06\/ristorante_hp.jpg\" class=\"w-full h-full object-cover aspect-3\/4\" alt=\"\" srcset=\"https:\/\/derbyriccione.it\/wp-content\/uploads\/2024\/06\/ristorante_hp.jpg 800w, https:\/\/derbyriccione.it\/wp-content\/uploads\/2024\/06\/ristorante_hp-320x480.jpg 320w, https:\/\/derbyriccione.it\/wp-content\/uploads\/2024\/06\/ristorante_hp-768x1152.jpg 768w\" sizes=\"auto, (max-width: 800px) 100vw, 800px\" \/>\t\t\t\t\t\t\t\t\t\t<\/a>\n\n\t\t\t\t\t\t\t\t\t<\/div>\n\t\t\t\t\t\t\t\t\t\t\t\t\t\t\t<\/div>\n\t\t\t\t\t\t<\/div>\n\t\t\t\t\t\t\t\t\t<\/div>\n\n\t\t\t\t<div class=\"flex flex-col justify-center flex-1 mt-8 lg:mt-0 contenuto\">\n\n\t\t\t\t\t<!-- titolo -->\n\t\t\t\t\t\t\t\t\t\t\t<h2 class=\"font-bold leading-tight font-raleway ft-text-2xl text-firstColor-500\">\n\t\t\t\t\t\t\tRestaurant\t\t\t\t\t\t<\/h2>\n\t\t\t\t\t\n\t\t\t\t\t<!-- sottotitolo -->\n\t\t\t\t\t\n\t\t\t\t\t<!-- contenuto -->\n\t\t\t\t\t\t\t\t\t\t\t<div class=\"mt-8 testo\">\n\t\t\t\t\t\t\t<p><strong>Was ist das beste Fr\u00fchst\u00fcck, um einen guten Tag zu beginnen?<\/strong> Im Urlaub in Riccione ist das beste Fr\u00fchst\u00fcck zweifellos das im Hotel Derby, das jeden Morgen mit frischer Milch zubereitet wird, ein s\u00fc\u00dfes und herzhaftes Buffet mit Speisen von h\u00f6chster Qualit\u00e4t, die den Gaumen unserer G\u00e4ste erfreuen.<\/p>\n\t\t\t\t\t\t<\/div>\n\t\t\t\t\t\n\t\t\t\t\t<!-- link -->\n\t\t\t\t\t\t\t\t\t\t\t\n\t\t\t\t\t\t\t\t\t\t\t\t\t\t\t\t\t\t\t\t\t\t\t\t<a class=\"btn light\" href=\"https:\/\/derbyriccione.it\/de\/restaurant\/\">\n\t\t\t\t\t\t\t\t\t\tUNSER RESTAURANT\t\t\t\t\t\t\t\t\t<\/a>\n\t\t\t\t\t\t\t\t\t\t\t\t\t\t\t\n\t\t\t\t\t\t\t\t\t\t\t\n\t\t\t\t<\/div>\n\t\t\t<\/div>\n\n\t\t\n\t\t\t<div class=\"flex flex-col gap-4 mb-16 lg:rfs:gap-24 sm:rfs:mb-32 lg:flex-row lg:odd:flex-row-reverse\">\n\n\t\t\t\t<div class=\"flex items-center justify-center flex-1 gallery-container simple-lightbox-container\">\n\n\t\t\t\t\t<!-- gallery -->\n\t\t\t\t\t\t\t\t\t\t\t<div class=\"slider-gallery\">\n\t\t\t\t\t\t\t<div>\n\t\t\t\t\t\t\t\t\t\t\t\t\t\t\t\t\t\t\t\t\t\t\t\t\t\t<div class=\"relative simple-lightbox\">\n\n\t\t\t\t\t\t\t\t\t\t<a class=\"group\" href=\"https:\/\/derbyriccione.it\/wp-content\/uploads\/2024\/06\/riccione_hp.jpeg\">\n\n\t\t\t\t\t\t\t\t\t\t\t<!-- effetto hover foto -->\n\t\t\t\t\t\t\t\t\t\t\t<div class=\"absolute text-white flex items-center text-4xl justify-center inset-0 z-10 w-[40px] h-[40px] -translate-x-6\/12 -translate-y-6\/12 left-[50%] top-[40%] transition-all duration-300 bg-firstColor-500 opacity-0 bg-opacity-0 group-hover:top-[50%] group-hover:opacity-100 group-hover:bg-opacity-100\">\n\t\t\t\t\t\t\t\t\t\t\t\t+\n\t\t\t\t\t\t\t\t\t\t\t<\/div>\n\t\t\t\t\t\t\t\t\t\t\t<!-- fine effetto hover foto -->\n\n\t\t\t\t\t\t\t\t\t\t\t<img loading=\"lazy\" decoding=\"async\" width=\"1600\" height=\"960\" src=\"https:\/\/derbyriccione.it\/wp-content\/uploads\/2024\/06\/riccione_hp.jpeg\" class=\"w-full h-full object-cover aspect-3\/4\" alt=\"\" srcset=\"https:\/\/derbyriccione.it\/wp-content\/uploads\/2024\/06\/riccione_hp.jpeg 1600w, https:\/\/derbyriccione.it\/wp-content\/uploads\/2024\/06\/riccione_hp-480x288.jpeg 480w, https:\/\/derbyriccione.it\/wp-content\/uploads\/2024\/06\/riccione_hp-1280x768.jpeg 1280w, https:\/\/derbyriccione.it\/wp-content\/uploads\/2024\/06\/riccione_hp-768x461.jpeg 768w\" sizes=\"auto, (max-width: 1600px) 100vw, 1600px\" \/>\t\t\t\t\t\t\t\t\t\t<\/a>\n\n\t\t\t\t\t\t\t\t\t<\/div>\n\t\t\t\t\t\t\t\t\t\t\t\t\t\t\t<\/div>\n\t\t\t\t\t\t<\/div>\n\t\t\t\t\t\t\t\t\t<\/div>\n\n\t\t\t\t<div class=\"flex flex-col justify-center flex-1 mt-8 lg:mt-0 contenuto\">\n\n\t\t\t\t\t<!-- titolo -->\n\t\t\t\t\t\t\t\t\t\t\t<h2 class=\"font-bold leading-tight font-raleway ft-text-2xl text-firstColor-500\">\n\t\t\t\t\t\t\tRiccione und Umgebung\t\t\t\t\t\t<\/h2>\n\t\t\t\t\t\n\t\t\t\t\t<!-- sottotitolo -->\n\t\t\t\t\t\n\t\t\t\t\t<!-- contenuto -->\n\t\t\t\t\t\t\t\t\t\t\t<div class=\"mt-8 testo\">\n\t\t\t\t\t\t\t<p><strong>Spa\u00df, Entspannung und Wellness sind die Zutaten f\u00fcr einen Urlaub in Riccione<\/strong>. Dieser Urlaubsort, einer der bekanntesten an der adriatischen Riviera und in Italien, <strong>ist seit jeher ein Bezugspunkt f\u00fcr einen Urlaub am Meer voller Spa\u00df<\/strong>, aber auch mit vielen Attraktionen und M\u00f6glichkeiten, die jeden Wunsch erf\u00fcllen.<\/p>\n\t\t\t\t\t\t<\/div>\n\t\t\t\t\t\n\t\t\t\t\t<!-- link -->\n\t\t\t\t\t\t\t\t\t\t\t\n\t\t\t\t\t\t\t\t\t\t\t\t\t\t\t\t\t\t\t\t\t\t\t\t<a class=\"btn light\" href=\"https:\/\/derbyriccione.it\/de\/ferien-in-riccione\/\">\n\t\t\t\t\t\t\t\t\t\tLESEN SIE MEHR\t\t\t\t\t\t\t\t\t<\/a>\n\t\t\t\t\t\t\t\t\t\t\t\t\t\t\t\n\t\t\t\t\t\t\t\t\t\t\t\n\t\t\t\t<\/div>\n\t\t\t<\/div>\n\n\t\t\t<\/div>\n\n<div class=\"bg-[#f3f0e9] py-16 px-8\">\n\n<!-- titolo blocco -->\n\t<div class=\"block mx-auto mb-16 text-center\">\n\t\t<h3 class=\"leading-tight under font-kristi ft-text-6xl\">\n\t\t\tUnsere Zimmer\t\t<\/h3>\n\t<\/div>\n\n    <div class=\"grid grid-cols-1 gap-8 md:grid-cols-2 lg:grid-cols-3\">\n\t\t\n\t\t\t<!-- col -->\n\t\t\t<div class=\"flex flex-col justify-end mx-auto mb-6\">\n\n\t\t\t\t\n\t\t\t\t<a class=\"group\" href=\"\/camere\/\">\n\n\t\t\t\t\t<div class=\"relative flex items-center overflow-hidden\">\n\t\t\t\t\t\t<div class=\"absolute top-0 left-0 w-full h-full\"><\/div>\n\t\t\t\t\t\t<img loading=\"lazy\" decoding=\"async\" width=\"1600\" height=\"1067\" src=\"https:\/\/derbyriccione.it\/wp-content\/uploads\/2024\/07\/camera_doppia_1.jpg\" class=\" mx-auto mb-4 transition-all duration-300 group-hover:scale-105\" alt=\"Unsere Zimmer\" srcset=\"https:\/\/derbyriccione.it\/wp-content\/uploads\/2024\/07\/camera_doppia_1.jpg 1600w, https:\/\/derbyriccione.it\/wp-content\/uploads\/2024\/07\/camera_doppia_1-480x320.jpg 480w, https:\/\/derbyriccione.it\/wp-content\/uploads\/2024\/07\/camera_doppia_1-1280x854.jpg 1280w, https:\/\/derbyriccione.it\/wp-content\/uploads\/2024\/07\/camera_doppia_1-768x512.jpg 768w\" sizes=\"auto, (max-width: 1600px) 100vw, 1600px\" \/>\t\t\t\t\t<\/div>\n\n\t\t\t\t\t\t\t\t\t\t<h3 class=\"relative p-4 mx-auto text-sm leading-tight text-center text-white uppercase -top-10 w-fit bg-firstColor-600 font-secondFont\">\n\t\t\t\t\t\tZweibettzimmer\t\t\t\t\t<\/h3>\n\t\t\t\t\t\n\t\t\t\t\t<div class=\"text-center\">\n\t\t\t\t\t\t\t\t\t\t\t\t<p class=\"md:min-h-[90px] relative -top-5\">\n\t\t\t\t\t\tWillkommen in Ihrem ger\u00e4umigen Doppelzimmer. Dieses ger\u00e4umige und komfortable Zimmer ist ideal f\u00fcr einen erholsamen Urlaub.\t\t\t\t\t\t<\/p>\n\t\t\t\t\t\t\n\t\t\t\t\t\t<span\n\t\t\t\t\t\tclass=\"relative block mx-auto text-sm font-bold uppercase transition-all duration-300 group-hover:scale-105 group-hover:text-firstColor-500 md:-top-5\"\n\t\t\t\t\t\thref=\"\/camere\/\"\n\t\t\t\t\t\t>mehr erfahren \u2192<\/span>\n\t\t\t\t\t<\/div>\n\n\t\t\t\t<\/a>\n\n\t\t\t<\/div>\n\n\t\t\n\t\t\t<!-- col -->\n\t\t\t<div class=\"flex flex-col justify-end mx-auto mb-6\">\n\n\t\t\t\t\n\t\t\t\t<a class=\"group\" href=\"\/camere\/\">\n\n\t\t\t\t\t<div class=\"relative flex items-center overflow-hidden\">\n\t\t\t\t\t\t<div class=\"absolute top-0 left-0 w-full h-full\"><\/div>\n\t\t\t\t\t\t<img loading=\"lazy\" decoding=\"async\" width=\"1600\" height=\"1067\" src=\"https:\/\/derbyriccione.it\/wp-content\/uploads\/2024\/07\/camera_quadrupla_4.jpg\" class=\" mx-auto mb-4 transition-all duration-300 group-hover:scale-105\" alt=\"Zweibettzimmer\" srcset=\"https:\/\/derbyriccione.it\/wp-content\/uploads\/2024\/07\/camera_quadrupla_4.jpg 1600w, https:\/\/derbyriccione.it\/wp-content\/uploads\/2024\/07\/camera_quadrupla_4-480x320.jpg 480w, https:\/\/derbyriccione.it\/wp-content\/uploads\/2024\/07\/camera_quadrupla_4-1280x854.jpg 1280w, https:\/\/derbyriccione.it\/wp-content\/uploads\/2024\/07\/camera_quadrupla_4-768x512.jpg 768w\" sizes=\"auto, (max-width: 1600px) 100vw, 1600px\" \/>\t\t\t\t\t<\/div>\n\n\t\t\t\t\t\t\t\t\t\t<h3 class=\"relative p-4 mx-auto text-sm leading-tight text-center text-white uppercase -top-10 w-fit bg-firstColor-600 font-secondFont\">\n\t\t\t\t\t\tVierbettzimmer\t\t\t\t\t<\/h3>\n\t\t\t\t\t\n\t\t\t\t\t<div class=\"text-center\">\n\t\t\t\t\t\t\t\t\t\t\t\t<p class=\"md:min-h-[90px] relative -top-5\">\n\t\t\t\t\t\tWillkommen in Ihrem ger\u00e4umigen und komfortablen Vierbettzimmer, das f\u00fcr einen angenehmen und erholsamen Aufenthalt f\u00fcr die ganze Familie oder eine Gruppe von Freunden gedacht ist.\t\t\t\t\t\t<\/p>\n\t\t\t\t\t\t\n\t\t\t\t\t\t<span\n\t\t\t\t\t\tclass=\"relative block mx-auto text-sm font-bold uppercase transition-all duration-300 group-hover:scale-105 group-hover:text-firstColor-500 md:-top-5\"\n\t\t\t\t\t\thref=\"\/camere\/\"\n\t\t\t\t\t\t>mehr erfahren \u2192<\/span>\n\t\t\t\t\t<\/div>\n\n\t\t\t\t<\/a>\n\n\t\t\t<\/div>\n\n\t\t\n\t\t\t<!-- col -->\n\t\t\t<div class=\"flex flex-col justify-end mx-auto mb-6\">\n\n\t\t\t\t\n\t\t\t\t<a class=\"group\" href=\"\/camere\/\">\n\n\t\t\t\t\t<div class=\"relative flex items-center overflow-hidden\">\n\t\t\t\t\t\t<div class=\"absolute top-0 left-0 w-full h-full\"><\/div>\n\t\t\t\t\t\t<img loading=\"lazy\" decoding=\"async\" width=\"1600\" height=\"1067\" src=\"https:\/\/derbyriccione.it\/wp-content\/uploads\/2024\/07\/tripla_quadrupla_1.jpg\" class=\" mx-auto mb-4 transition-all duration-300 group-hover:scale-105\" alt=\"Vierbettzimmer\" srcset=\"https:\/\/derbyriccione.it\/wp-content\/uploads\/2024\/07\/tripla_quadrupla_1.jpg 1600w, https:\/\/derbyriccione.it\/wp-content\/uploads\/2024\/07\/tripla_quadrupla_1-480x320.jpg 480w, https:\/\/derbyriccione.it\/wp-content\/uploads\/2024\/07\/tripla_quadrupla_1-1280x854.jpg 1280w, https:\/\/derbyriccione.it\/wp-content\/uploads\/2024\/07\/tripla_quadrupla_1-768x512.jpg 768w\" sizes=\"auto, (max-width: 1600px) 100vw, 1600px\" \/>\t\t\t\t\t<\/div>\n\n\t\t\t\t\t\t\t\t\t\t<h3 class=\"relative p-4 mx-auto text-sm leading-tight text-center text-white uppercase -top-10 w-fit bg-firstColor-600 font-secondFont\">\n\t\t\t\t\t\tK\u00fcrzlich renovierte Zimmer\t\t\t\t\t<\/h3>\n\t\t\t\t\t\n\t\t\t\t\t<div class=\"text-center\">\n\t\t\t\t\t\t\t\t\t\t\t\t<p class=\"md:min-h-[90px] relative -top-5\">\n\t\t\t\t\t\tWillkommen in Ihren k\u00fcrzlich renovierten Doppel- oder Vierbettzimmern, in denen sich Komfort und Stil harmonisch verbinden.\t\t\t\t\t\t<\/p>\n\t\t\t\t\t\t\n\t\t\t\t\t\t<span\n\t\t\t\t\t\tclass=\"relative block mx-auto text-sm font-bold uppercase transition-all duration-300 group-hover:scale-105 group-hover:text-firstColor-500 md:-top-5\"\n\t\t\t\t\t\thref=\"\/camere\/\"\n\t\t\t\t\t\t>mehr erfahren \u2192<\/span>\n\t\t\t\t\t<\/div>\n\n\t\t\t\t<\/a>\n\n\t\t\t<\/div>\n\n\t\t    <\/div>\n\n<\/div>\n\n<!-- block:repeater-content acf-block -->\n<div class=\"relative mx-8 lg:mx-auto max-w-7xl repeater-content wp-block-group\">\n\t\n\n\t<div class=\"absolute  -top-[100px] -left-[200px]  w-[400px]\" data-aos=\"fade-down-right\"\n     data-aos-easing=\"linear\"\n     data-aos-duration=\"1500\">\n\t<img decoding=\"async\" class=\"opacity-20 xl:opacity-40\" src=\"https:\/\/derbyriccione.it\/wp-content\/themes\/pbf-child\/build\/\/img\/sfondi\/fiori.png\"\/>\n<\/div>\n\t<div class=\"absolute -bottom-[200px] -right-[200px] w-[400px]\" data-aos=\"fade-down-left\"\n     data-aos-easing=\"linear\"\n     data-aos-duration=\"1500\">\n     <img decoding=\"async\" class=\"transform rotate-180 opacity-20 xl:opacity-100\" src=\"https:\/\/derbyriccione.it\/wp-content\/themes\/pbf-child\/build\/\/img\/sfondi\/fiori.png\"\/>\n<\/div>\n\t\t\t\n\t\t\t<div class=\"flex flex-col gap-4 mb-16 lg:rfs:gap-24 sm:rfs:mb-32 lg:flex-row lg:odd:flex-row-reverse\">\n\n\t\t\t\t<div class=\"flex items-center justify-center flex-1 gallery-container simple-lightbox-container\">\n\n\t\t\t\t\t<!-- gallery -->\n\t\t\t\t\t\t\t\t\t\t\t<div class=\"slider-gallery\">\n\t\t\t\t\t\t\t<div>\n\t\t\t\t\t\t\t\t\t\t\t\t\t\t\t\t\t\t\t\t\t\t\t\t\t\t<div class=\"relative simple-lightbox\">\n\n\t\t\t\t\t\t\t\t\t\t<a class=\"group\" href=\"https:\/\/derbyriccione.it\/wp-content\/uploads\/2024\/06\/servizi_hp.jpg\">\n\n\t\t\t\t\t\t\t\t\t\t\t<!-- effetto hover foto -->\n\t\t\t\t\t\t\t\t\t\t\t<div class=\"absolute text-white flex items-center text-4xl justify-center inset-0 z-10 w-[40px] h-[40px] -translate-x-6\/12 -translate-y-6\/12 left-[50%] top-[40%] transition-all duration-300 bg-firstColor-500 opacity-0 bg-opacity-0 group-hover:top-[50%] group-hover:opacity-100 group-hover:bg-opacity-100\">\n\t\t\t\t\t\t\t\t\t\t\t\t+\n\t\t\t\t\t\t\t\t\t\t\t<\/div>\n\t\t\t\t\t\t\t\t\t\t\t<!-- fine effetto hover foto -->\n\n\t\t\t\t\t\t\t\t\t\t\t<img loading=\"lazy\" decoding=\"async\" width=\"1600\" height=\"1067\" src=\"https:\/\/derbyriccione.it\/wp-content\/uploads\/2024\/06\/servizi_hp.jpg\" class=\"w-full h-full object-cover aspect-3\/4\" alt=\"\" srcset=\"https:\/\/derbyriccione.it\/wp-content\/uploads\/2024\/06\/servizi_hp.jpg 1600w, https:\/\/derbyriccione.it\/wp-content\/uploads\/2024\/06\/servizi_hp-480x320.jpg 480w, https:\/\/derbyriccione.it\/wp-content\/uploads\/2024\/06\/servizi_hp-1280x854.jpg 1280w, https:\/\/derbyriccione.it\/wp-content\/uploads\/2024\/06\/servizi_hp-768x512.jpg 768w\" sizes=\"auto, (max-width: 1600px) 100vw, 1600px\" \/>\t\t\t\t\t\t\t\t\t\t<\/a>\n\n\t\t\t\t\t\t\t\t\t<\/div>\n\t\t\t\t\t\t\t\t\t\t\t\t\t\t\t<\/div>\n\t\t\t\t\t\t<\/div>\n\t\t\t\t\t\t\t\t\t<\/div>\n\n\t\t\t\t<div class=\"flex flex-col justify-center flex-1 mt-8 lg:mt-0 contenuto\">\n\n\t\t\t\t\t<!-- titolo -->\n\t\t\t\t\t\t\t\t\t\t\t<h2 class=\"font-bold leading-tight font-raleway ft-text-2xl text-firstColor-500\">\n\t\t\t\t\t\t\tUnsere Dienstleistungen\t\t\t\t\t\t<\/h2>\n\t\t\t\t\t\n\t\t\t\t\t<!-- sottotitolo -->\n\t\t\t\t\t\n\t\t\t\t\t<!-- contenuto -->\n\t\t\t\t\t\t\t\t\t\t\t<div class=\"mt-8 testo\">\n\t\t\t\t\t\t\t<p><strong>Herzlicher Empfang und authentische Atmosph\u00e4re einer typischen Romagna-Tradition.<\/strong> Das ausgezeichnete Preis-Leistungs-Verh\u00e4ltnis unserer Dienstleistungen macht Ihren Urlaub im Hotel Derby zur besten Wahl f\u00fcr exzellenten Service, ohne zu viel Geld auszugeben.<\/p>\n\t\t\t\t\t\t<\/div>\n\t\t\t\t\t\n\t\t\t\t\t<!-- link -->\n\t\t\t\t\t\t\t\t\t\t\t\n\t\t\t\t\t\t\t\t\t\t\t\t\t\t\t\t\t\t\t\t\t\t\t\t<a class=\"btn light\" href=\"https:\/\/derbyriccione.it\/de\/\">\n\t\t\t\t\t\t\t\t\t\tAlle Dienstleistungen entdecken\t\t\t\t\t\t\t\t\t<\/a>\n\t\t\t\t\t\t\t\t\t\t\t\t\t\t\t\n\t\t\t\t\t\t\t\t\t\t\t\n\t\t\t\t<\/div>\n\t\t\t<\/div>\n\n\t\t\t<\/div>\n\n\n<div class=\"relative block w-full bg-center bg-cover min-h-[fit]\" id=\"form_newsletter\" style=\"background-image: url('\/wp-content\/themes\/pbf-child\/build\/img\/sfondi\/bg_2.jpg');\">\n  <div class=\"absolute w-full h-full bg-black bg-opacity-60\"><\/div>\n  <div class=\"relative flex flex-col items-center justify-center w-full py-10 text-center text-white\">\n    <h3 class=\"mb-4 leading-tight text-center text-white font-kristi ft-text-6xl\">Melden Sie sich f\u00fcr unseren Newsletter an<\/h3>\n    <p class=\"mb-4 text-base\">Erhalten Sie unsere Angebote und Neuigkeiten direkt in Ihrem Posteingang<\/p>\n\n    <form class=\"list-subscribe-form\" action=\"https:\/\/a.maxsend.it\/index.php\/lists\/tm47812y7v87c\/subscribe\" method=\"post\" target=\"_blank\">\n      <div class=\"flex flex-col flex-wrap gap-2 md:flex-row\">\n        <input class=\"flex-1 p-2 text-black\" required placeholder=\"Email\" type=\"text\" value=\"\" name=\"EMAIL\" id=\"EMAIL\"\/>\n        <input class=\"flex-1 p-2 text-black\" required placeholder=\"Name\" type=\"text\" value=\"\" name=\"NOME\" id=\"NOME\"\/>\n        <input class=\"flex-1 p-2 text-black\" required placeholder=\"Nachname\" type=\"text\" value=\"\" name=\"COGNOME\" id=\"COGNOME\"\/>\n        <input type=\"submit\" class=\"p-2 !text-white cursor-pointer uppercase text-sm !bg-firstColor-700 !hover:bg-firstColor-500\" name=\"yt0\" value=\"ANMELDEN\"\/>\n      <\/div>\n      \n      <div class=\"flex items-center mt-4\">\n        <input required class=\"scale-150 form-control field-privacy field-type-consentcheckbox\" placeholder=\"Privacy\" value=\"Do il consenso a Hotel Derby Riccione di inviarmi newsletter occasionali usando i dati da me forniti in questo form.\" type=\"checkbox\" name=\"PRIVACY\" id=\"PRIVACY\"\/>\n        <label for=\"privacy\" class=\"!ml-2 text-xs\"><a href=\"https:\/\/accesso.acconsento.click\/informative\/page\/5387\/de\" target=\"_blank\" class=\"!underline hover:text-white text-white\">Ich habe die Datenschutzbestimmungen gelesen und akzeptiere sie<\/a><\/label>\n      <\/div>\n      \n    <\/form>\n  <\/div>\n<\/div>\n","protected":false},"excerpt":{"rendered":"","protected":false},"author":1,"featured_media":0,"parent":0,"menu_order":0,"comment_status":"closed","ping_status":"closed","template":"","meta":{"_acf_changed":true,"footnotes":""},"categories":[],"tags":[],"class_list":["post-1089","page","type-page","status-publish","hentry","wpbf-post"],"acf":[],"_links":{"self":[{"href":"https:\/\/derbyriccione.it\/de\/wp-json\/wp\/v2\/pages\/1089","targetHints":{"allow":["GET"]}}],"collection":[{"href":"https:\/\/derbyriccione.it\/de\/wp-json\/wp\/v2\/pages"}],"about":[{"href":"https:\/\/derbyriccione.it\/de\/wp-json\/wp\/v2\/types\/page"}],"author":[{"embeddable":true,"href":"https:\/\/derbyriccione.it\/de\/wp-json\/wp\/v2\/users\/1"}],"replies":[{"embeddable":true,"href":"https:\/\/derbyriccione.it\/de\/wp-json\/wp\/v2\/comments?post=1089"}],"version-history":[{"count":0,"href":"https:\/\/derbyriccione.it\/de\/wp-json\/wp\/v2\/pages\/1089\/revisions"}],"wp:attachment":[{"href":"https:\/\/derbyriccione.it\/de\/wp-json\/wp\/v2\/media?parent=1089"}],"wp:term":[{"taxonomy":"category","embeddable":true,"href":"https:\/\/derbyriccione.it\/de\/wp-json\/wp\/v2\/categories?post=1089"},{"taxonomy":"post_tag","embeddable":true,"href":"https:\/\/derbyriccione.it\/de\/wp-json\/wp\/v2\/tags?post=1089"}],"curies":[{"name":"wp","href":"https:\/\/api.w.org\/{rel}","templated":true}]}}