{"id":1341,"date":"2023-09-07T16:00:37","date_gmt":"2023-09-07T14:00:37","guid":{"rendered":"http:\/\/derbyriccione.demo8.pensareweb.it\/hotel\/"},"modified":"2026-03-12T11:07:42","modified_gmt":"2026-03-12T10:07:42","slug":"hotel","status":"publish","type":"page","link":"https:\/\/derbyriccione.it\/de\/hotel\/","title":{"rendered":"Hotel"},"content":{"rendered":"<!-- section hero -->\n<section data-aos=\"zoom-in-down\" class=\"relative flex flex-col justify-end h-screen px-4 pb-8 overflow-hidden hero wp-block-group vh-check-full-screen bg-amber-50 sm:justify-center\">\n\t\n\t<!-- <div class=\"absolute top-0 left-0 z-20 w-full h-full bg-black opacity-10\"><\/div> -->\n\n\t<!-- testo -->\n\t<div class=\"z-20 flex flex-col items-center justify-center h-full text-center text-white\">\n\n\t\t<div class=\"mt-6 text-6xl font-kristi drop-shadow-lg sm:ft-text-8xl\">\n\t\t\tHotel\t\t<\/div>\n\n\t\t<div class=\"px-4 mt-6 ft-text-2xl drop-shadow-md sm:ft-text-xl\">\n\t\t\t\t\t<\/div>\n\n  \t<\/div>\n\n\t  <a href=\"#sec2\" class=\"z-20 block mx-auto text-white transition duration-500 transform hover:text-white hover:scale-110 group\">\n\n\t\t<svg class=\"w-6 h-6 mx-auto animate-bounce\" viewBox=\"0 0 24 24\" fill=\"none\" xmlns=\"http:\/\/www.w3.org\/2000\/svg\">\n\t\t\t<path d=\"M6 9L12 15L18 9\" stroke=\"#ffffff\" stroke-width=\"2\" stroke-linecap=\"round\" stroke-linejoin=\"round\"><\/path>\n\t\t<\/svg>\n\t<\/a>\n\n\t<!-- immagini slider -->\n\t<div class=\"absolute inset-0 z-10 w-full h-full\">\n\n\t<div>\n\t\t<div class=\"relative p-8 pt-0 slider\">\n\n\t\t\t<div>\n\n\t\t\t<div><img decoding=\"async\" class=\"object-cover object-bottom w-full h-screen overflow-hidden\" src=\"https:\/\/derbyriccione.it\/wp-content\/uploads\/2024\/07\/hotel_main_3.jpg\" alt=\"\" \/><\/div><div><img decoding=\"async\" class=\"object-cover object-bottom w-full h-screen overflow-hidden\" src=\"https:\/\/derbyriccione.it\/wp-content\/uploads\/2024\/07\/hotel_main_1.jpg\" alt=\"\" \/><\/div><div><img decoding=\"async\" class=\"object-cover object-bottom w-full h-screen overflow-hidden\" src=\"https:\/\/derbyriccione.it\/wp-content\/uploads\/2024\/07\/hotel_main_2.jpg\" alt=\"\" \/><\/div>\n\t\t\t<\/div>\n\t\t<\/div>\n\t<\/div>\n\n\t<\/div>\n\n<\/section>\n\n\n<!-- featured-1col-txt acf-block -->\n<div class=\"relative wp-block-group\">\n\n\t\t\t\t<div class=\"mx-8 max-w-7xl xl:mx-auto\">\n\t\t\t\t\n\t\t\t\t\t\t\t\t\t<h1 data-aos=\"zoom-in\" class=\"leading-tight font-kristi text-left ft-text-7xl\">\n\t\t\t\t\t\tHotel Derby Riccione\t\t\t\t\t<\/h1>\n\t\t\t\t\n\t\t\t\t<!-- sottotitolo -->\n\t\t\t\t\t\t\t\t<h3 data-aos=\"zoom-in\" data-aos-delay=\"50\" class=\"leading-tight text-firstColor-500 text-left ft-text-lg\">\n\t\t\t\t\tHerzlicher Empfang und authentische Atmosph\u00e4re einer typischen Romagna-Tradition\t\t\t\t<\/h3>\n\t\t\t\t\t\t\t\t\n\t\t\t\t<div data-aos=\"zoom-in\" data-aos-delay=\"100\" class=\"mt-8 text-left\">\n\t\t\t\t\t\t\t\t\t\t\t<p>Willkommen im <strong>Hotel DERBY<\/strong>, einem Ort, an dem Gastfreundschaft zum Erlebnis wird und famili\u00e4re Herzlichkeit in jeder Geste sp\u00fcrbar ist. Unser familiengef\u00fchrtes Hotel befindet sich in der malerischen Gegend von Abissinia, einem der reizvollsten und ruhigsten Viertel von Riccione, ideal f\u00fcr alle, die einen erholsamen Urlaub im Zeichen von Komfort und Gelassenheit verbringen m\u00f6chten.<\/p>\n<p>Nur wenige Schritte vom Meer und den ber\u00fchmten Thermen von Riccione entfernt, ist das Hotel DERBY der ideale R\u00fcckzugsort, um K\u00f6rper und Geist zu regenerieren und Momente echter Entspannung inmitten der Sch\u00f6nheit der Riviera Romagnola zu genie\u00dfen.<\/p>\n<p><strong>Unser Ziel ist einfach, aber wertvoll: Wir m\u00f6chten, dass Sie sich wie zu Hause f\u00fchlen und Ihnen einen eleganten, komfortablen und unvergesslichen Aufenthalt bieten, bei dem jeder Moment auf Ihr Wohlbefinden ausgerichtet ist.<\/strong><\/p>\n<p>Die bis ins kleinste Detail gepflegten Zimmer verbinden Stil, Komfort und Funktionalit\u00e4t und garantieren eine entspannte und einladende Atmosph\u00e4re. Jedes Detail wurde sorgf\u00e4ltig ausgew\u00e4hlt, um Ihren Aufenthalt zu einem angenehmen, erholsamen und unvergesslichen Erlebnis zu machen.<\/p>\n<p>&nbsp;<\/p>\n\t\t\t\t\t\t\t\t\t<\/div>\n\t\t\t<\/div>\n\n<\/div>\n\n\n<!-- featured-2-col acf-block -->\n<div class=\"relative mx-8 lg:mx-auto max-w-7xl wp-block-group repeater-content featured-2-col\">\n\n\t<div class=\"absolute  -top-[100px] -left-[200px]  w-[400px]\" data-aos=\"fade-down-right\"\n     data-aos-easing=\"linear\"\n     data-aos-duration=\"1500\">\n\t<img decoding=\"async\" class=\"opacity-20 xl:opacity-40\" src=\"https:\/\/derbyriccione.it\/wp-content\/themes\/pbf-child\/build\/\/img\/sfondi\/fiori.png\"\/>\n<\/div>\n\t<!-- <div class=\"flex flex-col gap-4 mb-16 lg:rfs:gap-24 2xl:rfs:mx-48 sm:rfs:mb-32 lg:flex-row max-w-7xl\"> -->\n\t<div class=\"flex flex-col gap-4 mb-16 lg:rfs:gap-24 sm:rfs:mb-32 lg:flex-row lg:odd:flex-row-reverse\">\n\n\t\t<!-- colonna immagini -->\n\t\t<div class=\"flex items-center justify-center flex-1 gallery-container simple-lightbox-container\">\n\n\t\t\t<!-- gallery -->\n\t\t\t\t\t\t\t<div class=\"slider-gallery\">\n\t\t\t\t\t<div>\n\t\t\t\t\t\t\t\t\t\t\t\t\t\t\t\t\t\t\t\t<div class=\"relative simple-lightbox\">\n\n\t\t\t\t\t\t\t\t<a class=\"group\" href=\"https:\/\/derbyriccione.it\/wp-content\/uploads\/2024\/07\/divano.jpg\">\n\n\t\t\t\t\t\t\t\t\t<!-- effetto hover foto -->\n\t\t\t\t\t\t\t\t\t<div class=\"absolute text-white flex items-center text-4xl justify-center inset-0 z-10 w-[40px] h-[40px] -translate-x-6\/12 -translate-y-6\/12 left-[50%] top-[40%] transition-all duration-300 bg-firstColor-500 opacity-0 bg-opacity-0 group-hover:top-[50%] group-hover:opacity-100 group-hover:bg-opacity-100\">\n\t\t\t\t\t\t\t\t\t\t+\n\t\t\t\t\t\t\t\t\t<\/div>\n\t\t\t\t\t\t\t\t\t<!-- fine effetto hover foto -->\n\n\t\t\t\t\t\t\t\t\t<img loading=\"lazy\" decoding=\"async\" width=\"800\" height=\"1200\" src=\"https:\/\/derbyriccione.it\/wp-content\/uploads\/2024\/07\/divano.jpg\" class=\"w-full h-full object-cover aspect-3\/4\" alt=\"\" srcset=\"https:\/\/derbyriccione.it\/wp-content\/uploads\/2024\/07\/divano.jpg 800w, https:\/\/derbyriccione.it\/wp-content\/uploads\/2024\/07\/divano-320x480.jpg 320w, https:\/\/derbyriccione.it\/wp-content\/uploads\/2024\/07\/divano-768x1152.jpg 768w\" sizes=\"auto, (max-width: 800px) 100vw, 800px\" \/>\t\t\t\t\t\t\t\t\n\t\t\t\t\t\t\t\t<\/a>\n\n\t\t\t\t\t\t\t<\/div>\n\t\t\t\t\t\t\t\t\t\t\t\t\t\t\t\t\t\t\t\t<div class=\"relative simple-lightbox\">\n\n\t\t\t\t\t\t\t\t<a class=\"group\" href=\"https:\/\/derbyriccione.it\/wp-content\/uploads\/2024\/07\/colazone_1.jpg\">\n\n\t\t\t\t\t\t\t\t\t<!-- effetto hover foto -->\n\t\t\t\t\t\t\t\t\t<div class=\"absolute text-white flex items-center text-4xl justify-center inset-0 z-10 w-[40px] h-[40px] -translate-x-6\/12 -translate-y-6\/12 left-[50%] top-[40%] transition-all duration-300 bg-firstColor-500 opacity-0 bg-opacity-0 group-hover:top-[50%] group-hover:opacity-100 group-hover:bg-opacity-100\">\n\t\t\t\t\t\t\t\t\t\t+\n\t\t\t\t\t\t\t\t\t<\/div>\n\t\t\t\t\t\t\t\t\t<!-- fine effetto hover foto -->\n\n\t\t\t\t\t\t\t\t\t<img loading=\"lazy\" decoding=\"async\" width=\"800\" height=\"1200\" src=\"https:\/\/derbyriccione.it\/wp-content\/uploads\/2024\/07\/colazone_1.jpg\" class=\"w-full h-full object-cover aspect-3\/4\" alt=\"\" srcset=\"https:\/\/derbyriccione.it\/wp-content\/uploads\/2024\/07\/colazone_1.jpg 800w, https:\/\/derbyriccione.it\/wp-content\/uploads\/2024\/07\/colazone_1-320x480.jpg 320w, https:\/\/derbyriccione.it\/wp-content\/uploads\/2024\/07\/colazone_1-768x1152.jpg 768w\" sizes=\"auto, (max-width: 800px) 100vw, 800px\" \/>\t\t\t\t\t\t\t\t\n\t\t\t\t\t\t\t\t<\/a>\n\n\t\t\t\t\t\t\t<\/div>\n\t\t\t\t\t\t\t\t\t\t\t\t\t\t\t\t\t\t\t\t<div class=\"relative simple-lightbox\">\n\n\t\t\t\t\t\t\t\t<a class=\"group\" href=\"https:\/\/derbyriccione.it\/wp-content\/uploads\/2024\/06\/ristorante_hp.jpg\">\n\n\t\t\t\t\t\t\t\t\t<!-- effetto hover foto -->\n\t\t\t\t\t\t\t\t\t<div class=\"absolute text-white flex items-center text-4xl justify-center inset-0 z-10 w-[40px] h-[40px] -translate-x-6\/12 -translate-y-6\/12 left-[50%] top-[40%] transition-all duration-300 bg-firstColor-500 opacity-0 bg-opacity-0 group-hover:top-[50%] group-hover:opacity-100 group-hover:bg-opacity-100\">\n\t\t\t\t\t\t\t\t\t\t+\n\t\t\t\t\t\t\t\t\t<\/div>\n\t\t\t\t\t\t\t\t\t<!-- fine effetto hover foto -->\n\n\t\t\t\t\t\t\t\t\t<img loading=\"lazy\" decoding=\"async\" width=\"800\" height=\"1200\" src=\"https:\/\/derbyriccione.it\/wp-content\/uploads\/2024\/06\/ristorante_hp.jpg\" class=\"w-full h-full object-cover aspect-3\/4\" alt=\"\" srcset=\"https:\/\/derbyriccione.it\/wp-content\/uploads\/2024\/06\/ristorante_hp.jpg 800w, https:\/\/derbyriccione.it\/wp-content\/uploads\/2024\/06\/ristorante_hp-320x480.jpg 320w, https:\/\/derbyriccione.it\/wp-content\/uploads\/2024\/06\/ristorante_hp-768x1152.jpg 768w\" sizes=\"auto, (max-width: 800px) 100vw, 800px\" \/>\t\t\t\t\t\t\t\t\n\t\t\t\t\t\t\t\t<\/a>\n\n\t\t\t\t\t\t\t<\/div>\n\t\t\t\t\t\t\t\t\t\t\t<\/div>\n\t\t\t\t<\/div>\n\t\t\t\t\t<\/div>\n\n\t\t<!-- colonna testo -->\n\t\t<div data-aos=\"zoom-out-left\" data-aos-delay=\"200\" class=\"flex flex-col justify-center flex-1 mt-8 lg:mt-0\">\n\n\t\t\t\n\t\t\t\n\t\t\t\t\t\t\t<div class=\"mt-8\"><p><strong>Sie k\u00f6nnen zwischen verschiedenen Zimmertypen w\u00e4hlen, die den Bed\u00fcrfnissen jedes Gastes gerecht werden.<\/strong><\/p>\n<p><strong>Das Fr\u00fchst\u00fcck gibt Ihnen die richtige Energie f\u00fcr den Start in den Tag.<\/strong><br \/>\nSie k\u00f6nnen eine Vielzahl frischer und unverf\u00e4lschter Produkte genie\u00dfen, darunter frisch gebackenes Brot, duftende Croissants, Obst der Saison und vieles mehr.<\/p>\n<p>Dank der strategisch g\u00fcnstigen Lage des Hotels erreichen Sie bequem den Strand von Riccione und die Thermen und k\u00f6nnen sich so vollkommen entspannen und wohlf\u00fchlen.<\/p>\n<p>Dar\u00fcber hinaus ist die Gegend um Abissinia f\u00fcr ihre Ruhe und ihren Wohncharme bekannt. Sie k\u00f6nnen entlang der von B\u00e4umen ges\u00e4umten Stra\u00dfen oder am Meer spazieren gehen.<\/p>\n<p>Unser Personal steht Ihnen jederzeit zur Verf\u00fcgung, um Ihnen Informationen \u00fcber lokale Sehensw\u00fcrdigkeiten zu geben, Ihnen die besten Restaurants zu empfehlen und Sie bei der Organisation Ihrer Ausfl\u00fcge zu unterst\u00fctzen.<\/p>\n<p>&nbsp;<\/p>\n<\/div>\n\t\t\t\n\t\t\t\t\t\t\t\n\t\t\t\t\t\n\t\t\t\t\t\n\n\t\t\t\t\t\t\t\n\t\t<\/div>\n\n\t<\/div>\n<\/div>","protected":false},"excerpt":{"rendered":"","protected":false},"author":1,"featured_media":0,"parent":0,"menu_order":0,"comment_status":"closed","ping_status":"closed","template":"","meta":{"_acf_changed":true,"footnotes":""},"categories":[],"tags":[],"class_list":["post-1341","page","type-page","status-publish","hentry","wpbf-post"],"acf":[],"_links":{"self":[{"href":"https:\/\/derbyriccione.it\/de\/wp-json\/wp\/v2\/pages\/1341","targetHints":{"allow":["GET"]}}],"collection":[{"href":"https:\/\/derbyriccione.it\/de\/wp-json\/wp\/v2\/pages"}],"about":[{"href":"https:\/\/derbyriccione.it\/de\/wp-json\/wp\/v2\/types\/page"}],"author":[{"embeddable":true,"href":"https:\/\/derbyriccione.it\/de\/wp-json\/wp\/v2\/users\/1"}],"replies":[{"embeddable":true,"href":"https:\/\/derbyriccione.it\/de\/wp-json\/wp\/v2\/comments?post=1341"}],"version-history":[{"count":0,"href":"https:\/\/derbyriccione.it\/de\/wp-json\/wp\/v2\/pages\/1341\/revisions"}],"wp:attachment":[{"href":"https:\/\/derbyriccione.it\/de\/wp-json\/wp\/v2\/media?parent=1341"}],"wp:term":[{"taxonomy":"category","embeddable":true,"href":"https:\/\/derbyriccione.it\/de\/wp-json\/wp\/v2\/categories?post=1341"},{"taxonomy":"post_tag","embeddable":true,"href":"https:\/\/derbyriccione.it\/de\/wp-json\/wp\/v2\/tags?post=1341"}],"curies":[{"name":"wp","href":"https:\/\/api.w.org\/{rel}","templated":true}]}}