{"id":1344,"date":"2024-07-03T10:20:24","date_gmt":"2024-07-03T08:20:24","guid":{"rendered":"http:\/\/derbyriccione.demo8.pensareweb.it\/innere-romagna\/"},"modified":"2024-07-25T11:37:04","modified_gmt":"2024-07-25T09:37:04","slug":"innere-romagna","status":"publish","type":"page","link":"https:\/\/derbyriccione.it\/de\/innere-romagna\/","title":{"rendered":"Innere Romagna"},"content":{"rendered":"<!-- section hero -->\n<section data-aos=\"zoom-in-down\" class=\"relative flex flex-col justify-end h-screen px-4 pb-8 overflow-hidden hero wp-block-group vh-check-full-screen bg-amber-50 sm:justify-center\">\n\t\n\t<!-- <div class=\"absolute top-0 left-0 z-20 w-full h-full bg-black opacity-10\"><\/div> -->\n\n\t<!-- testo -->\n\t<div class=\"z-20 flex flex-col items-center justify-center h-full text-center text-white\">\n\n\t\t<div class=\"mt-6 text-6xl font-kristi drop-shadow-lg sm:ft-text-8xl\">\n\t\t\tInnere Romagna\t\t<\/div>\n\n\t\t<div class=\"px-4 mt-6 ft-text-2xl drop-shadow-md sm:ft-text-xl\">\n\t\t\t\t\t<\/div>\n\n  \t<\/div>\n\n\t  <a href=\"#sec2\" class=\"z-20 block mx-auto text-white transition duration-500 transform hover:text-white hover:scale-110 group\">\n\n\t\t<svg class=\"w-6 h-6 mx-auto animate-bounce\" viewBox=\"0 0 24 24\" fill=\"none\" xmlns=\"http:\/\/www.w3.org\/2000\/svg\">\n\t\t\t<path d=\"M6 9L12 15L18 9\" stroke=\"#ffffff\" stroke-width=\"2\" stroke-linecap=\"round\" stroke-linejoin=\"round\"><\/path>\n\t\t<\/svg>\n\t<\/a>\n\n\t<!-- immagini slider -->\n\t<div class=\"absolute inset-0 z-10 w-full h-full\">\n\n\t<div>\n\t\t<div class=\"relative p-8 pt-0 slider\">\n\n\t\t\t<div>\n\n\t\t\t<div><img decoding=\"async\" class=\"object-cover object-bottom w-full h-screen overflow-hidden\" src=\"https:\/\/derbyriccione.it\/wp-content\/uploads\/2024\/07\/entroterra_main.jpg\" alt=\"\" \/><\/div>\n\t\t\t<\/div>\n\t\t<\/div>\n\t<\/div>\n\n\t<\/div>\n\n<\/section>\n<!-- featured-1col-txt acf-block -->\n<div class=\"relative wp-block-group\">\n\n\t\t\t\t<div class=\"mx-8 max-w-7xl xl:mx-auto\">\n\t\t\t\t\n\t\t\t\t\t\t\t\t\t<h1 data-aos=\"zoom-in\" class=\"leading-tight font-kristi text-left ft-text-7xl\">\n\t\t\t\t\t\tAusfl\u00fcge ins Landesinnere der Romagna\t\t\t\t\t<\/h1>\n\t\t\t\t\n\t\t\t\t<!-- sottotitolo -->\n\t\t\t\t\t\t\t\t\n\t\t\t\t<div data-aos=\"zoom-in\" data-aos-delay=\"100\" class=\"mt-8 text-left\">\n\t\t\t\t\t\t\t\t\t\t\t<p><strong>Entdecken Sie das Hinterland der Romagna, einen verborgenen Schatz, der darauf wartet, erkundet zu werden!<\/strong> Hier finden Sie authentische mittelalterliche D\u00f6rfer, \u00fcppige Weinberge und eine kulinarische Tradition, die Sie sprachlos machen wird. Nehmen Sie sich die Zeit, durch die gepflasterten Stra\u00dfen der D\u00f6rfer zu schlendern und die alten Steinh\u00e4user und jahrhundertealten Kirchen zu bewundern. Genie\u00dfen Sie die authentische Gastfreundschaft der Romagna und lassen Sie sich von den Geschichten der Einheimischen fesseln, die Ihnen voller Stolz von den Traditionen und der Geschichte dieses Landes erz\u00e4hlen werden. Doch die eigentliche \u00dcberraschung erwartet Sie am Tisch. Das Hinterland der Romagna ist ber\u00fchmt f\u00fcr seine einzigartigen und unverf\u00e4lschten Geschm\u00e4cker. Probieren Sie die Piadina romagnola, ein d\u00fcnnes Brot, das mit lokalen K\u00f6stlichkeiten wie K\u00e4se, Aufschnitt und frischem Gem\u00fcse gef\u00fcllt ist. Lassen Sie sich von den Cappelletti in Brodo verf\u00fchren, einer handgemachten Delikatesse, bei der Sie den wahren Geschmack der Liebe zum Kochen entdecken werden. Und vergessen Sie nicht, dazu ein Glas Wein aus der Region zu trinken. Das Hinterland der Romagna beherbergt Weinberge, in denen edle Tropfen wie Sangiovese und Albana angebaut werden. Probieren Sie diese Spitzenweine und lassen Sie sich von ihren einzigartigen Aromen und Geschmacksrichtungen \u00fcberzeugen.          <strong>Das Hinterland der Romagna ist ein magischer Ort, an dem Sie sich in seine Sch\u00f6nheit, seine Geschichte und seinen Geschmack verlieben werden. Bereiten Sie sich auf eine fesselnde Erfahrung vor, die Sie immer wieder zur\u00fcckkehren l\u00e4sst. Entdecken Sie die authentische Seele der Romagna und lassen Sie sich von all dem, was sie zu bieten hat, verzaubern.  <\/strong><\/p>\n\t\t\t\t\t\t\t\t\t<\/div>\n\t\t\t<\/div>\n\n<\/div><!-- block:repeater-content acf-block -->\n<div class=\"relative mx-8 lg:mx-auto max-w-7xl repeater-content wp-block-group\">\n\t\n\n\t<div class=\"absolute  -top-[100px] -left-[200px]  w-[400px]\" data-aos=\"fade-down-right\"\n     data-aos-easing=\"linear\"\n     data-aos-duration=\"1500\">\n\t<img decoding=\"async\" class=\"opacity-20 xl:opacity-40\" src=\"https:\/\/derbyriccione.it\/wp-content\/themes\/pbf-child\/build\/\/img\/sfondi\/fiori.png\"\/>\n<\/div>\n\t<div class=\"absolute -bottom-[200px] -right-[200px] w-[400px]\" data-aos=\"fade-down-left\"\n     data-aos-easing=\"linear\"\n     data-aos-duration=\"1500\">\n     <img decoding=\"async\" class=\"transform rotate-180 opacity-20 xl:opacity-100\" src=\"https:\/\/derbyriccione.it\/wp-content\/themes\/pbf-child\/build\/\/img\/sfondi\/fiori.png\"\/>\n<\/div>\n\t\t\t\n\t\t\t<div class=\"flex flex-col gap-4 mb-16 lg:rfs:gap-24 sm:rfs:mb-32 lg:flex-row lg:odd:flex-row-reverse\">\n\n\t\t\t\t<div class=\"flex items-center justify-center flex-1 gallery-container simple-lightbox-container\">\n\n\t\t\t\t\t<!-- gallery -->\n\t\t\t\t\t\t\t\t\t\t\t<div class=\"slider-gallery\">\n\t\t\t\t\t\t\t<div>\n\t\t\t\t\t\t\t\t\t\t\t\t\t\t\t\t\t\t\t\t\t\t\t\t\t\t<div class=\"relative simple-lightbox\">\n\n\t\t\t\t\t\t\t\t\t\t<a class=\"group\" href=\"https:\/\/derbyriccione.it\/wp-content\/uploads\/2024\/07\/san_marino.jpg\">\n\n\t\t\t\t\t\t\t\t\t\t\t<!-- effetto hover foto -->\n\t\t\t\t\t\t\t\t\t\t\t<div class=\"absolute text-white flex items-center text-4xl justify-center inset-0 z-10 w-[40px] h-[40px] -translate-x-6\/12 -translate-y-6\/12 left-[50%] top-[40%] transition-all duration-300 bg-firstColor-500 opacity-0 bg-opacity-0 group-hover:top-[50%] group-hover:opacity-100 group-hover:bg-opacity-100\">\n\t\t\t\t\t\t\t\t\t\t\t\t+\n\t\t\t\t\t\t\t\t\t\t\t<\/div>\n\t\t\t\t\t\t\t\t\t\t\t<!-- fine effetto hover foto -->\n\n\t\t\t\t\t\t\t\t\t\t\t<img loading=\"lazy\" decoding=\"async\" width=\"800\" height=\"1200\" src=\"https:\/\/derbyriccione.it\/wp-content\/uploads\/2024\/07\/san_marino.jpg\" class=\"w-full h-full object-cover aspect-3\/4\" alt=\"\" srcset=\"https:\/\/derbyriccione.it\/wp-content\/uploads\/2024\/07\/san_marino.jpg 800w, https:\/\/derbyriccione.it\/wp-content\/uploads\/2024\/07\/san_marino-320x480.jpg 320w, https:\/\/derbyriccione.it\/wp-content\/uploads\/2024\/07\/san_marino-768x1152.jpg 768w\" sizes=\"auto, (max-width: 800px) 100vw, 800px\" \/>\t\t\t\t\t\t\t\t\t\t<\/a>\n\n\t\t\t\t\t\t\t\t\t<\/div>\n\t\t\t\t\t\t\t\t\t\t\t\t\t\t\t<\/div>\n\t\t\t\t\t\t<\/div>\n\t\t\t\t\t\t\t\t\t<\/div>\n\n\t\t\t\t<div class=\"flex flex-col justify-center flex-1 mt-8 lg:mt-0 contenuto\">\n\n\t\t\t\t\t<!-- titolo -->\n\t\t\t\t\t\t\t\t\t\t\t<h2 class=\"font-bold leading-tight font-raleway ft-text-2xl text-firstColor-500\">\n\t\t\t\t\t\t\tSan Marino\t\t\t\t\t\t<\/h2>\n\t\t\t\t\t\n\t\t\t\t\t<!-- sottotitolo -->\n\t\t\t\t\t\n\t\t\t\t\t<!-- contenuto -->\n\t\t\t\t\t\t\t\t\t\t\t<div class=\"mt-8 testo\">\n\t\t\t\t\t\t\t<p><strong>Als verstecktes Juwel im Herzen Italiens bietet es ein einzigartiges Erlebnis, das Geschichte, Kultur und atemberaubende Landschaften miteinander verbindet. <\/strong> Ein spektakul\u00e4rer Panoramablick, wenn Sie sich der Stadtmauer n\u00e4hern, die von drei majest\u00e4tischen T\u00fcrmen gekr\u00f6nt wird. Innerhalb der Mauern werden Sie von den gepflasterten Stra\u00dfen, den malerischen Gassen und den gut erhaltenen historischen Geb\u00e4uden fasziniert sein. Die Piazza della Libert\u00e0 ist das pulsierende Herz von San Marino, umgeben von Gesch\u00e4ften, Restaurants und gem\u00fctlichen Caf\u00e9s. Wenn Sie den ersten Turm, die Rocca Guaita, erklimmen, werden Sie mit einem atemberaubenden Panoramablick auf die umliegende Landschaft belohnt. Die beiden anderen T\u00fcrme, die Rocca Cesta und der Montale, bieten weitere Panoramablicke und die M\u00f6glichkeit, interessante Museen, wie das Museum f\u00fcr antike Waffen, zu entdecken. San Marino ist dank seines Rufs als Duty-Free-Zentrum auch ein Einkaufsparadies. Hier finden Sie eine gro\u00dfe Auswahl an exklusiven Produkten, darunter Schmuck, Uhren, Kleidung, Parf\u00fcm und Haushaltsartikel, zu g\u00fcnstigen Preisen. Wenn Sie sich f\u00fcr Geschichte und Kultur interessieren, sollten Sie sich die Gelegenheit nicht entgehen lassen, den Staatspalast, den Sitz der Regierung, und das Staatliche Museum zu besuchen, das eine reiche Sammlung von arch\u00e4ologischen Artefakten und Kunstwerken beherbergt. Tauchen Sie schlie\u00dflich in die unber\u00fchrte Natur des Hinterlandes von San Marino ein. Spazieren Sie auf den Wegen, die \u00fcber den Monte Titano f\u00fchren, der von der UNESCO zum Weltkulturerbe erkl\u00e4rt wurde, und genie\u00dfen Sie den atemberaubenden Blick auf das darunter liegende Tal. San Marino ist ein magischer Ort, der Sie mit seiner tausendj\u00e4hrigen Geschichte, seiner architektonischen Sch\u00f6nheit und Authentizit\u00e4t in Atem halten wird. Egal, ob Sie f\u00fcr einen Tag oder l\u00e4nger kommen, diese Republik wird Sie mit offenen Armen empfangen und Ihnen ein unvergessliches Erlebnis bieten.            <strong>Genie\u00dfen Sie Ihre Reise in die Republik San Marino!<\/strong><\/p>\n\t\t\t\t\t\t<\/div>\n\t\t\t\t\t\n\t\t\t\t\t<!-- link -->\n\t\t\t\t\t\t\t\t\t\t\t\n\t\t\t\t\t\t\t\n\t\t\t\t\t\t\t\t\t\t\t\n\t\t\t\t<\/div>\n\t\t\t<\/div>\n\n\t\t\n\t\t\t<div class=\"flex flex-col gap-4 mb-16 lg:rfs:gap-24 sm:rfs:mb-32 lg:flex-row lg:odd:flex-row-reverse\">\n\n\t\t\t\t<div class=\"flex items-center justify-center flex-1 gallery-container simple-lightbox-container\">\n\n\t\t\t\t\t<!-- gallery -->\n\t\t\t\t\t\t\t\t\t\t\t<div class=\"slider-gallery\">\n\t\t\t\t\t\t\t<div>\n\t\t\t\t\t\t\t\t\t\t\t\t\t\t\t\t\t\t\t\t\t\t\t\t\t\t<div class=\"relative simple-lightbox\">\n\n\t\t\t\t\t\t\t\t\t\t<a class=\"group\" href=\"https:\/\/derbyriccione.it\/wp-content\/uploads\/2024\/07\/san_leo.jpg\">\n\n\t\t\t\t\t\t\t\t\t\t\t<!-- effetto hover foto -->\n\t\t\t\t\t\t\t\t\t\t\t<div class=\"absolute text-white flex items-center text-4xl justify-center inset-0 z-10 w-[40px] h-[40px] -translate-x-6\/12 -translate-y-6\/12 left-[50%] top-[40%] transition-all duration-300 bg-firstColor-500 opacity-0 bg-opacity-0 group-hover:top-[50%] group-hover:opacity-100 group-hover:bg-opacity-100\">\n\t\t\t\t\t\t\t\t\t\t\t\t+\n\t\t\t\t\t\t\t\t\t\t\t<\/div>\n\t\t\t\t\t\t\t\t\t\t\t<!-- fine effetto hover foto -->\n\n\t\t\t\t\t\t\t\t\t\t\t<img loading=\"lazy\" decoding=\"async\" width=\"800\" height=\"1200\" src=\"https:\/\/derbyriccione.it\/wp-content\/uploads\/2024\/07\/san_leo.jpg\" class=\"w-full h-full object-cover aspect-3\/4\" alt=\"\" srcset=\"https:\/\/derbyriccione.it\/wp-content\/uploads\/2024\/07\/san_leo.jpg 800w, https:\/\/derbyriccione.it\/wp-content\/uploads\/2024\/07\/san_leo-320x480.jpg 320w, https:\/\/derbyriccione.it\/wp-content\/uploads\/2024\/07\/san_leo-768x1152.jpg 768w\" sizes=\"auto, (max-width: 800px) 100vw, 800px\" \/>\t\t\t\t\t\t\t\t\t\t<\/a>\n\n\t\t\t\t\t\t\t\t\t<\/div>\n\t\t\t\t\t\t\t\t\t\t\t\t\t\t\t<\/div>\n\t\t\t\t\t\t<\/div>\n\t\t\t\t\t\t\t\t\t<\/div>\n\n\t\t\t\t<div class=\"flex flex-col justify-center flex-1 mt-8 lg:mt-0 contenuto\">\n\n\t\t\t\t\t<!-- titolo -->\n\t\t\t\t\t\t\t\t\t\t\t<h2 class=\"font-bold leading-tight font-raleway ft-text-2xl text-firstColor-500\">\n\t\t\t\t\t\t\tSan Leo\t\t\t\t\t\t<\/h2>\n\t\t\t\t\t\n\t\t\t\t\t<!-- sottotitolo -->\n\t\t\t\t\t\n\t\t\t\t\t<!-- contenuto -->\n\t\t\t\t\t\t\t\t\t\t\t<div class=\"mt-8 testo\">\n\t\t\t\t\t\t\t<p><strong>Ein historisches Kleinod in den wundersch\u00f6nen H\u00fcgeln der italienischen Region Emilia-Romagna. Dieses charmante mittelalterliche Dorf wird Sie mit seiner majest\u00e4tischen Architektur und seiner atemberaubenden Panoramalage in Staunen versetzen. <\/strong> San Leo steht auf einem Felsvorsprung und beherrscht das darunter liegende Tal. Die imposante Rocca, eine alte Burg, thront majest\u00e4tisch auf der H\u00fcgelspitze und bietet eine m\u00e4rchenhafte Atmosph\u00e4re. Sobald Sie die Stadtmauern von San Leo betreten haben, werden Sie sich in den gepflasterten Stra\u00dfen und den gut erhaltenen historischen Geb\u00e4uden verlieren. Unterwegs k\u00f6nnen Sie die Kathedrale von San Leo bewundern, ein Meisterwerk der romanischen Architektur mit ihrer imposanten Fassade und den wertvollen Fresken im Inneren. Sie k\u00f6nnen San Leo nicht verlassen, ohne die Rocca zu besuchen, ein wahres Symbol des Dorfes. \u00dcber die Pfade, die den H\u00fcgel \u00fcberqueren, erreicht man die Festung, von der aus man einen atemberaubenden Panoramablick auf die umliegende Landschaft hat. Erkunden Sie die R\u00e4ume der Burg, entdecken Sie ihre tausendj\u00e4hrige Geschichte und bewundern Sie die alten Kerker, die einst ber\u00fchmte Pers\u00f6nlichkeiten beherbergten. San Leo war auch der Ort, an dem einer der ber\u00fchmtesten Alchemisten und Philosophen der Renaissance, der Graf von Cagliostro, gefangen gehalten wurde. Sie k\u00f6nnen seine Zelle in der Festung besichtigen und in die faszinierende Geschichte der Stadt eintauchen. Wenn Sie die Natur lieben, bietet San Leo auch wunderbare M\u00f6glichkeiten f\u00fcr Wanderungen und Spazierg\u00e4nge in der Umgebung. Die Wege, die sich durch die H\u00fcgel schl\u00e4ngeln, sind ideal, um in die unber\u00fchrte Sch\u00f6nheit der Landschaft der Emilia-Romagna einzutauchen. San Leo ist ein Ort, an dem Sie in die Vergangenheit eintauchen und eine unvergessliche Erfahrung machen k\u00f6nnen. Dieses mittelalterliche Dorf wird Sie mit seinen Ausblicken, seiner reichen Geschichte und seiner bezaubernden Atmosph\u00e4re in seinen Bann ziehen. Genie\u00dfen Sie Ihren Besuch in San Leo und lassen Sie sich in die Vergangenheit zur\u00fcckversetzen, w\u00e4hrend Sie all das entdecken, was dieser magische Ort zu bieten hat!             <\/p>\n\t\t\t\t\t\t<\/div>\n\t\t\t\t\t\n\t\t\t\t\t<!-- link -->\n\t\t\t\t\t\t\t\t\t\t\t\n\t\t\t\t\t\t\t\n\t\t\t\t\t\t\t\t\t\t\t\n\t\t\t\t<\/div>\n\t\t\t<\/div>\n\n\t\t\n\t\t\t<div class=\"flex flex-col gap-4 mb-16 lg:rfs:gap-24 sm:rfs:mb-32 lg:flex-row lg:odd:flex-row-reverse\">\n\n\t\t\t\t<div class=\"flex items-center justify-center flex-1 gallery-container simple-lightbox-container\">\n\n\t\t\t\t\t<!-- gallery -->\n\t\t\t\t\t\t\t\t\t\t\t<div class=\"slider-gallery\">\n\t\t\t\t\t\t\t<div>\n\t\t\t\t\t\t\t\t\t\t\t\t\t\t\t\t\t\t\t\t\t\t\t\t\t\t<div class=\"relative simple-lightbox\">\n\n\t\t\t\t\t\t\t\t\t\t<a class=\"group\" href=\"https:\/\/derbyriccione.it\/wp-content\/uploads\/2024\/07\/santarcangelo.jpg\">\n\n\t\t\t\t\t\t\t\t\t\t\t<!-- effetto hover foto -->\n\t\t\t\t\t\t\t\t\t\t\t<div class=\"absolute text-white flex items-center text-4xl justify-center inset-0 z-10 w-[40px] h-[40px] -translate-x-6\/12 -translate-y-6\/12 left-[50%] top-[40%] transition-all duration-300 bg-firstColor-500 opacity-0 bg-opacity-0 group-hover:top-[50%] group-hover:opacity-100 group-hover:bg-opacity-100\">\n\t\t\t\t\t\t\t\t\t\t\t\t+\n\t\t\t\t\t\t\t\t\t\t\t<\/div>\n\t\t\t\t\t\t\t\t\t\t\t<!-- fine effetto hover foto -->\n\n\t\t\t\t\t\t\t\t\t\t\t<img loading=\"lazy\" decoding=\"async\" width=\"800\" height=\"1200\" src=\"https:\/\/derbyriccione.it\/wp-content\/uploads\/2024\/07\/santarcangelo.jpg\" class=\"w-full h-full object-cover aspect-3\/4\" alt=\"\" srcset=\"https:\/\/derbyriccione.it\/wp-content\/uploads\/2024\/07\/santarcangelo.jpg 800w, https:\/\/derbyriccione.it\/wp-content\/uploads\/2024\/07\/santarcangelo-320x480.jpg 320w, https:\/\/derbyriccione.it\/wp-content\/uploads\/2024\/07\/santarcangelo-768x1152.jpg 768w\" sizes=\"auto, (max-width: 800px) 100vw, 800px\" \/>\t\t\t\t\t\t\t\t\t\t<\/a>\n\n\t\t\t\t\t\t\t\t\t<\/div>\n\t\t\t\t\t\t\t\t\t\t\t\t\t\t\t<\/div>\n\t\t\t\t\t\t<\/div>\n\t\t\t\t\t\t\t\t\t<\/div>\n\n\t\t\t\t<div class=\"flex flex-col justify-center flex-1 mt-8 lg:mt-0 contenuto\">\n\n\t\t\t\t\t<!-- titolo -->\n\t\t\t\t\t\t\t\t\t\t\t<h2 class=\"font-bold leading-tight font-raleway ft-text-2xl text-firstColor-500\">\n\t\t\t\t\t\t\tSantarcangelo di Romagna\t\t\t\t\t\t<\/h2>\n\t\t\t\t\t\n\t\t\t\t\t<!-- sottotitolo -->\n\t\t\t\t\t\n\t\t\t\t\t<!-- contenuto -->\n\t\t\t\t\t\t\t\t\t\t\t<div class=\"mt-8 testo\">\n\t\t\t\t\t\t\t<p><strong>Diese malerische Stadt empf\u00e4ngt Sie mit ihren gepflasterten Stra\u00dfen, charmanten Pl\u00e4tzen und einer Atmosph\u00e4re von authentischer Sch\u00f6nheit.<\/strong> Sie werden von der Majest\u00e4t des Papst-Clemens-Bogens, dem Haupteingang des Dorfes, fasziniert sein. Wenn Sie ihn \u00fcberqueren, tauchen Sie in eine antike Welt ein, in der sich Geschichte und Kultur harmonisch vermischen. Erkunden Sie die verwinkelten Gassen von Santarcangelo, wo Sie die Steinh\u00e4user und gut erhaltenen historischen Geb\u00e4ude bewundern k\u00f6nnen. Verpassen Sie nicht die Gelegenheit, die Stiftskirche San Michele Arcangelo zu besichtigen, ein architektonisches Juwel mit Fresken und romanischem Glockenturm. Einer der eindrucksvollsten Orte in Santarcangelo ist die Grotta della Tanaccia, eine faszinierende unterirdische Grotte, die sich \u00fcber 800 Meter erstreckt. Sie k\u00f6nnen diese au\u00dfergew\u00f6hnliche nat\u00fcrliche Formation erkunden und die Stalaktiten und Stalagmiten bewundern, die die H\u00f6hle schm\u00fccken. Santarcangelo ist auch f\u00fcr seine gastronomische Tradition bekannt. Puoi esplorare questa straordinaria formazione naturale e ammirare le stalattiti e le stalagmiti che decorano la grotta. Santarcangelo \u00e8 anche famosa per la sua tradizione enogastronomica. Non puoi lasciare il borgo senza assaggiare la piadina romagnola, un tipico pane sottile farcito con prelibatezze locali come formaggi, salumi e verdure. I ristoranti e le osterie di Santarcangelo offrono un&#8217;ampia selezione di piatti tradizionali, accompagnati da vini della regione. Se ami la natura, Santarcangelo offre anche belle opportunit\u00e0 per escursioni e passeggiate panoramiche. Il Parco Naturale della Valmarecchia, che circonda il borgo, \u00e8 un&#8217;oasi di tranquillit\u00e0 e bellezza naturale, ideale per immergersi nella natura incontaminata dell&#8217;Emilia-Romagna. In conclusione, una visita a Santarcangelo di Romagna ti regaler\u00e0 un&#8217;esperienza indimenticabile. Con la sua bellezza medievale, la sua ricca storia e la sua autenticit\u00e0, questo borgo ti incanter\u00e0 e ti far\u00e0 sentire come se fossi tornato indietro nel tempo. Goditi la tua visita a Santarcangelo di Romagna e lasciati sedurre dalla sua atmosfera unica e affascinante!             <\/p>\n\t\t\t\t\t\t<\/div>\n\t\t\t\t\t\n\t\t\t\t\t<!-- link -->\n\t\t\t\t\t\t\t\t\t\t\t\n\t\t\t\t\t\t\t\n\t\t\t\t\t\t\t\t\t\t\t\n\t\t\t\t<\/div>\n\t\t\t<\/div>\n\n\t\t\n\t\t\t<div class=\"flex flex-col gap-4 mb-16 lg:rfs:gap-24 sm:rfs:mb-32 lg:flex-row lg:odd:flex-row-reverse\">\n\n\t\t\t\t<div class=\"flex items-center justify-center flex-1 gallery-container simple-lightbox-container\">\n\n\t\t\t\t\t<!-- gallery -->\n\t\t\t\t\t\t\t\t\t\t\t<div class=\"slider-gallery\">\n\t\t\t\t\t\t\t<div>\n\t\t\t\t\t\t\t\t\t\t\t\t\t\t\t\t\t\t\t\t\t\t\t\t\t\t<div class=\"relative simple-lightbox\">\n\n\t\t\t\t\t\t\t\t\t\t<a class=\"group\" href=\"https:\/\/derbyriccione.it\/wp-content\/uploads\/2024\/07\/gardara_2.jpg\">\n\n\t\t\t\t\t\t\t\t\t\t\t<!-- effetto hover foto -->\n\t\t\t\t\t\t\t\t\t\t\t<div class=\"absolute text-white flex items-center text-4xl justify-center inset-0 z-10 w-[40px] h-[40px] -translate-x-6\/12 -translate-y-6\/12 left-[50%] top-[40%] transition-all duration-300 bg-firstColor-500 opacity-0 bg-opacity-0 group-hover:top-[50%] group-hover:opacity-100 group-hover:bg-opacity-100\">\n\t\t\t\t\t\t\t\t\t\t\t\t+\n\t\t\t\t\t\t\t\t\t\t\t<\/div>\n\t\t\t\t\t\t\t\t\t\t\t<!-- fine effetto hover foto -->\n\n\t\t\t\t\t\t\t\t\t\t\t<img loading=\"lazy\" decoding=\"async\" width=\"800\" height=\"1200\" src=\"https:\/\/derbyriccione.it\/wp-content\/uploads\/2024\/07\/gardara_2.jpg\" class=\"w-full h-full object-cover aspect-3\/4\" alt=\"\" srcset=\"https:\/\/derbyriccione.it\/wp-content\/uploads\/2024\/07\/gardara_2.jpg 800w, https:\/\/derbyriccione.it\/wp-content\/uploads\/2024\/07\/gardara_2-320x480.jpg 320w, https:\/\/derbyriccione.it\/wp-content\/uploads\/2024\/07\/gardara_2-768x1152.jpg 768w\" sizes=\"auto, (max-width: 800px) 100vw, 800px\" \/>\t\t\t\t\t\t\t\t\t\t<\/a>\n\n\t\t\t\t\t\t\t\t\t<\/div>\n\t\t\t\t\t\t\t\t\t\t\t\t\t\t\t\t\t\t\t\t\t\t\t\t\t\t<div class=\"relative simple-lightbox\">\n\n\t\t\t\t\t\t\t\t\t\t<a class=\"group\" href=\"https:\/\/derbyriccione.it\/wp-content\/uploads\/2024\/07\/gradara.jpg\">\n\n\t\t\t\t\t\t\t\t\t\t\t<!-- effetto hover foto -->\n\t\t\t\t\t\t\t\t\t\t\t<div class=\"absolute text-white flex items-center text-4xl justify-center inset-0 z-10 w-[40px] h-[40px] -translate-x-6\/12 -translate-y-6\/12 left-[50%] top-[40%] transition-all duration-300 bg-firstColor-500 opacity-0 bg-opacity-0 group-hover:top-[50%] group-hover:opacity-100 group-hover:bg-opacity-100\">\n\t\t\t\t\t\t\t\t\t\t\t\t+\n\t\t\t\t\t\t\t\t\t\t\t<\/div>\n\t\t\t\t\t\t\t\t\t\t\t<!-- fine effetto hover foto -->\n\n\t\t\t\t\t\t\t\t\t\t\t<img loading=\"lazy\" decoding=\"async\" width=\"800\" height=\"1200\" src=\"https:\/\/derbyriccione.it\/wp-content\/uploads\/2024\/07\/gradara.jpg\" class=\"w-full h-full object-cover aspect-3\/4\" alt=\"\" srcset=\"https:\/\/derbyriccione.it\/wp-content\/uploads\/2024\/07\/gradara.jpg 800w, https:\/\/derbyriccione.it\/wp-content\/uploads\/2024\/07\/gradara-320x480.jpg 320w, https:\/\/derbyriccione.it\/wp-content\/uploads\/2024\/07\/gradara-768x1152.jpg 768w\" sizes=\"auto, (max-width: 800px) 100vw, 800px\" \/>\t\t\t\t\t\t\t\t\t\t<\/a>\n\n\t\t\t\t\t\t\t\t\t<\/div>\n\t\t\t\t\t\t\t\t\t\t\t\t\t\t\t<\/div>\n\t\t\t\t\t\t<\/div>\n\t\t\t\t\t\t\t\t\t<\/div>\n\n\t\t\t\t<div class=\"flex flex-col justify-center flex-1 mt-8 lg:mt-0 contenuto\">\n\n\t\t\t\t\t<!-- titolo -->\n\t\t\t\t\t\t\t\t\t\t\t<h2 class=\"font-bold leading-tight font-raleway ft-text-2xl text-firstColor-500\">\n\t\t\t\t\t\t\tGradara\t\t\t\t\t\t<\/h2>\n\t\t\t\t\t\n\t\t\t\t\t<!-- sottotitolo -->\n\t\t\t\t\t\n\t\t\t\t\t<!-- contenuto -->\n\t\t\t\t\t\t\t\t\t\t\t<div class=\"mt-8 testo\">\n\t\t\t\t\t\t\t<p><strong>Mit seiner romantischen Atmosph\u00e4re und seiner reichen Geschichte wird Gradara Sie in die Vergangenheit zur\u00fcckversetzen und Ihnen ein einzigartiges Erlebnis bieten.<\/strong> Sie werden von den m\u00e4chtigen Mauern und T\u00fcrmen von Gradara begr\u00fc\u00dft, die die gesamte Stadt beherrschen. Bei einem Spaziergang durch die kopfsteingepflasterten Stra\u00dfen tauchen Sie in die architektonische Sch\u00f6nheit der alten Steinh\u00e4user und charmanten Innenh\u00f6fe ein. Der Mittelpunkt von Gradara ist die majest\u00e4tische Burg, eine der besterhaltenen Italiens. Diese imposante Festung, die von einem Wassergraben und einem gro\u00dfen Park umgeben ist, l\u00e4dt Sie ein, ihre S\u00e4le, Innenh\u00f6fe und Aussichtst\u00fcrme zu erkunden. Im Inneren der Burg k\u00f6nnen Sie jahrhundertealte Fresken und mittelalterliche R\u00fcstungen bewundern und die tragische Geschichte von Paolo und Francesca entdecken, dem ber\u00fchmten Paar, das von Dante in der G\u00f6ttlichen Kom\u00f6die verewigt wurde. Nach der Besichtigung der Burg ist es sch\u00f6n, durch die engen Gassen von Gradara zu schlendern und dabei lokale Handwerksl\u00e4den, gem\u00fctliche Caf\u00e9s und Restaurants mit k\u00f6stlichen lokalen Gerichten zu entdecken. Genie\u00dfen Sie die K\u00fcche der Region Marken, die K\u00f6stlichkeiten wie hausgemachte Pasta, lokale K\u00e4sesorten und feine Weine bietet. Sie k\u00f6nnen einen entspannenden Spaziergang oder eine angenehme Radtour auf den Naturpfaden unternehmen und dabei die Ruhe und den Frieden der Landschaft der Marken genie\u00dfen. Gradara ist auch f\u00fcr seine Traditionen und kulturellen Veranstaltungen bekannt. Vielleicht haben Sie das Gl\u00fcck, w\u00e4hrend Ihres Aufenthalts an einem lokalen Fest teilzunehmen, bei dem Sie kulinarische Spezialit\u00e4ten probieren, Folkloreauff\u00fchrungen besuchen und die festliche Atmosph\u00e4re genie\u00dfen k\u00f6nnen. Zusammenfassend l\u00e4sst sich sagen, dass ein Besuch in Gradara ein unvergessliches Erlebnis sein wird. Von einer geschichtstr\u00e4chtigen Burg \u00fcber romantische Gassen bis hin zu atemberaubenden Landschaften &#8211; dieses mittelalterliche Dorf wird Sie mit seinem zeitlosen Charme in seinen Bann ziehen.            <strong>Genie\u00dfen Sie Ihren Besuch in Gradara und lassen Sie sich von seiner Sch\u00f6nheit und Authentizit\u00e4t verzaubern!<\/strong><\/p>\n\t\t\t\t\t\t<\/div>\n\t\t\t\t\t\n\t\t\t\t\t<!-- link -->\n\t\t\t\t\t\t\t\t\t\t\t\n\t\t\t\t\t\t\t\n\t\t\t\t\t\t\t\t\t\t\t\n\t\t\t\t<\/div>\n\t\t\t<\/div>\n\n\t\t\t<\/div>","protected":false},"excerpt":{"rendered":"","protected":false},"author":1,"featured_media":0,"parent":0,"menu_order":0,"comment_status":"closed","ping_status":"closed","template":"","meta":{"_acf_changed":false,"footnotes":""},"categories":[],"tags":[],"class_list":["post-1344","page","type-page","status-publish","hentry","wpbf-post"],"acf":[],"_links":{"self":[{"href":"https:\/\/derbyriccione.it\/de\/wp-json\/wp\/v2\/pages\/1344","targetHints":{"allow":["GET"]}}],"collection":[{"href":"https:\/\/derbyriccione.it\/de\/wp-json\/wp\/v2\/pages"}],"about":[{"href":"https:\/\/derbyriccione.it\/de\/wp-json\/wp\/v2\/types\/page"}],"author":[{"embeddable":true,"href":"https:\/\/derbyriccione.it\/de\/wp-json\/wp\/v2\/users\/1"}],"replies":[{"embeddable":true,"href":"https:\/\/derbyriccione.it\/de\/wp-json\/wp\/v2\/comments?post=1344"}],"version-history":[{"count":0,"href":"https:\/\/derbyriccione.it\/de\/wp-json\/wp\/v2\/pages\/1344\/revisions"}],"wp:attachment":[{"href":"https:\/\/derbyriccione.it\/de\/wp-json\/wp\/v2\/media?parent=1344"}],"wp:term":[{"taxonomy":"category","embeddable":true,"href":"https:\/\/derbyriccione.it\/de\/wp-json\/wp\/v2\/categories?post=1344"},{"taxonomy":"post_tag","embeddable":true,"href":"https:\/\/derbyriccione.it\/de\/wp-json\/wp\/v2\/tags?post=1344"}],"curies":[{"name":"wp","href":"https:\/\/api.w.org\/{rel}","templated":true}]}}