{"id":1348,"date":"2024-07-01T13:03:17","date_gmt":"2024-07-01T11:03:17","guid":{"rendered":"http:\/\/derbyriccione.demo8.pensareweb.it\/restaurant\/"},"modified":"2026-03-12T11:13:15","modified_gmt":"2026-03-12T10:13:15","slug":"restaurant","status":"publish","type":"page","link":"https:\/\/derbyriccione.it\/de\/restaurant\/","title":{"rendered":"Restaurant"},"content":{"rendered":"<!-- section hero -->\n<section data-aos=\"zoom-in-down\" class=\"relative flex flex-col justify-end h-screen px-4 pb-8 overflow-hidden hero wp-block-group vh-check-full-screen bg-amber-50 sm:justify-center\">\n\t\n\t<!-- <div class=\"absolute top-0 left-0 z-20 w-full h-full bg-black opacity-10\"><\/div> -->\n\n\t<!-- testo -->\n\t<div class=\"z-20 flex flex-col items-center justify-center h-full text-center text-white\">\n\n\t\t<div class=\"mt-6 text-6xl font-kristi drop-shadow-lg sm:ft-text-8xl\">\n\t\t\tRestaurant\t\t<\/div>\n\n\t\t<div class=\"px-4 mt-6 ft-text-2xl drop-shadow-md sm:ft-text-xl\">\n\t\t\tDer einfache, authentische Urlaub in der Romagna\t\t<\/div>\n\n  \t<\/div>\n\n\t  <a href=\"#sec2\" class=\"z-20 block mx-auto text-white transition duration-500 transform hover:text-white hover:scale-110 group\">\n\n\t\t<svg class=\"w-6 h-6 mx-auto animate-bounce\" viewBox=\"0 0 24 24\" fill=\"none\" xmlns=\"http:\/\/www.w3.org\/2000\/svg\">\n\t\t\t<path d=\"M6 9L12 15L18 9\" stroke=\"#ffffff\" stroke-width=\"2\" stroke-linecap=\"round\" stroke-linejoin=\"round\"><\/path>\n\t\t<\/svg>\n\t<\/a>\n\n\t<!-- immagini slider -->\n\t<div class=\"absolute inset-0 z-10 w-full h-full\">\n\n\t<div>\n\t\t<div class=\"relative p-8 pt-0 slider\">\n\n\t\t\t<div>\n\n\t\t\t<div><img decoding=\"async\" class=\"object-cover object-bottom w-full h-screen overflow-hidden\" src=\"https:\/\/derbyriccione.it\/wp-content\/uploads\/2024\/07\/ristorante_main_1.jpg\" alt=\"\" \/><\/div><div><img decoding=\"async\" class=\"object-cover object-bottom w-full h-screen overflow-hidden\" src=\"https:\/\/derbyriccione.it\/wp-content\/uploads\/2024\/07\/ristorante_main_2.jpg\" alt=\"\" \/><\/div><div><img decoding=\"async\" class=\"object-cover object-bottom w-full h-screen overflow-hidden\" src=\"https:\/\/derbyriccione.it\/wp-content\/uploads\/2024\/07\/ristorante_main_3.jpg\" alt=\"\" \/><\/div>\n\t\t\t<\/div>\n\t\t<\/div>\n\t<\/div>\n\n\t<\/div>\n\n<\/section>\n\n<!-- block:repeater-content acf-block -->\n<div class=\"relative mx-8 lg:mx-auto max-w-7xl repeater-content wp-block-group\">\n\t\n\n\t<div class=\"absolute  -top-[100px] -left-[200px]  w-[400px]\" data-aos=\"fade-down-right\"\n     data-aos-easing=\"linear\"\n     data-aos-duration=\"1500\">\n\t<img decoding=\"async\" class=\"opacity-20 xl:opacity-40\" src=\"https:\/\/derbyriccione.it\/wp-content\/themes\/pbf-child\/build\/\/img\/sfondi\/fiori.png\"\/>\n<\/div>\n\t<div class=\"absolute -bottom-[200px] -right-[200px] w-[400px]\" data-aos=\"fade-down-left\"\n     data-aos-easing=\"linear\"\n     data-aos-duration=\"1500\">\n     <img decoding=\"async\" class=\"transform rotate-180 opacity-20 xl:opacity-100\" src=\"https:\/\/derbyriccione.it\/wp-content\/themes\/pbf-child\/build\/\/img\/sfondi\/fiori.png\"\/>\n<\/div>\n\t\t\t\n\t\t\t<div class=\"flex flex-col gap-4 mb-16 lg:rfs:gap-24 sm:rfs:mb-32 lg:flex-row lg:odd:flex-row-reverse\">\n\n\t\t\t\t<div class=\"flex items-center justify-center flex-1 gallery-container simple-lightbox-container\">\n\n\t\t\t\t\t<!-- gallery -->\n\t\t\t\t\t\t\t\t\t\t\t<div class=\"slider-gallery\">\n\t\t\t\t\t\t\t<div>\n\t\t\t\t\t\t\t\t\t\t\t\t\t\t\t\t\t\t\t\t\t\t\t\t\t\t<div class=\"relative simple-lightbox\">\n\n\t\t\t\t\t\t\t\t\t\t<a class=\"group\" href=\"https:\/\/derbyriccione.it\/wp-content\/uploads\/2024\/07\/ristorante_7.jpg\">\n\n\t\t\t\t\t\t\t\t\t\t\t<!-- effetto hover foto -->\n\t\t\t\t\t\t\t\t\t\t\t<div class=\"absolute text-white flex items-center text-4xl justify-center inset-0 z-10 w-[40px] h-[40px] -translate-x-6\/12 -translate-y-6\/12 left-[50%] top-[40%] transition-all duration-300 bg-firstColor-500 opacity-0 bg-opacity-0 group-hover:top-[50%] group-hover:opacity-100 group-hover:bg-opacity-100\">\n\t\t\t\t\t\t\t\t\t\t\t\t+\n\t\t\t\t\t\t\t\t\t\t\t<\/div>\n\t\t\t\t\t\t\t\t\t\t\t<!-- fine effetto hover foto -->\n\n\t\t\t\t\t\t\t\t\t\t\t<img loading=\"lazy\" decoding=\"async\" width=\"800\" height=\"1200\" src=\"https:\/\/derbyriccione.it\/wp-content\/uploads\/2024\/07\/ristorante_7.jpg\" class=\"w-full h-full object-cover aspect-3\/4\" alt=\"\" srcset=\"https:\/\/derbyriccione.it\/wp-content\/uploads\/2024\/07\/ristorante_7.jpg 800w, https:\/\/derbyriccione.it\/wp-content\/uploads\/2024\/07\/ristorante_7-320x480.jpg 320w, https:\/\/derbyriccione.it\/wp-content\/uploads\/2024\/07\/ristorante_7-768x1152.jpg 768w\" sizes=\"auto, (max-width: 800px) 100vw, 800px\" \/>\t\t\t\t\t\t\t\t\t\t<\/a>\n\n\t\t\t\t\t\t\t\t\t<\/div>\n\t\t\t\t\t\t\t\t\t\t\t\t\t\t\t\t\t\t\t\t\t\t\t\t\t\t<div class=\"relative simple-lightbox\">\n\n\t\t\t\t\t\t\t\t\t\t<a class=\"group\" href=\"https:\/\/derbyriccione.it\/wp-content\/uploads\/2024\/07\/ristorante_3.jpg\">\n\n\t\t\t\t\t\t\t\t\t\t\t<!-- effetto hover foto -->\n\t\t\t\t\t\t\t\t\t\t\t<div class=\"absolute text-white flex items-center text-4xl justify-center inset-0 z-10 w-[40px] h-[40px] -translate-x-6\/12 -translate-y-6\/12 left-[50%] top-[40%] transition-all duration-300 bg-firstColor-500 opacity-0 bg-opacity-0 group-hover:top-[50%] group-hover:opacity-100 group-hover:bg-opacity-100\">\n\t\t\t\t\t\t\t\t\t\t\t\t+\n\t\t\t\t\t\t\t\t\t\t\t<\/div>\n\t\t\t\t\t\t\t\t\t\t\t<!-- fine effetto hover foto -->\n\n\t\t\t\t\t\t\t\t\t\t\t<img loading=\"lazy\" decoding=\"async\" width=\"800\" height=\"1200\" src=\"https:\/\/derbyriccione.it\/wp-content\/uploads\/2024\/07\/ristorante_3.jpg\" class=\"w-full h-full object-cover aspect-3\/4\" alt=\"\" srcset=\"https:\/\/derbyriccione.it\/wp-content\/uploads\/2024\/07\/ristorante_3.jpg 800w, https:\/\/derbyriccione.it\/wp-content\/uploads\/2024\/07\/ristorante_3-320x480.jpg 320w, https:\/\/derbyriccione.it\/wp-content\/uploads\/2024\/07\/ristorante_3-768x1152.jpg 768w\" sizes=\"auto, (max-width: 800px) 100vw, 800px\" \/>\t\t\t\t\t\t\t\t\t\t<\/a>\n\n\t\t\t\t\t\t\t\t\t<\/div>\n\t\t\t\t\t\t\t\t\t\t\t\t\t\t\t\t\t\t\t\t\t\t\t\t\t\t<div class=\"relative simple-lightbox\">\n\n\t\t\t\t\t\t\t\t\t\t<a class=\"group\" href=\"https:\/\/derbyriccione.it\/wp-content\/uploads\/2024\/07\/ristorante_1.jpg\">\n\n\t\t\t\t\t\t\t\t\t\t\t<!-- effetto hover foto -->\n\t\t\t\t\t\t\t\t\t\t\t<div class=\"absolute text-white flex items-center text-4xl justify-center inset-0 z-10 w-[40px] h-[40px] -translate-x-6\/12 -translate-y-6\/12 left-[50%] top-[40%] transition-all duration-300 bg-firstColor-500 opacity-0 bg-opacity-0 group-hover:top-[50%] group-hover:opacity-100 group-hover:bg-opacity-100\">\n\t\t\t\t\t\t\t\t\t\t\t\t+\n\t\t\t\t\t\t\t\t\t\t\t<\/div>\n\t\t\t\t\t\t\t\t\t\t\t<!-- fine effetto hover foto -->\n\n\t\t\t\t\t\t\t\t\t\t\t<img loading=\"lazy\" decoding=\"async\" width=\"600\" height=\"900\" src=\"https:\/\/derbyriccione.it\/wp-content\/uploads\/2024\/07\/ristorante_1.jpg\" class=\"w-full h-full object-cover aspect-3\/4\" alt=\"\" srcset=\"https:\/\/derbyriccione.it\/wp-content\/uploads\/2024\/07\/ristorante_1.jpg 600w, https:\/\/derbyriccione.it\/wp-content\/uploads\/2024\/07\/ristorante_1-320x480.jpg 320w\" sizes=\"auto, (max-width: 600px) 100vw, 600px\" \/>\t\t\t\t\t\t\t\t\t\t<\/a>\n\n\t\t\t\t\t\t\t\t\t<\/div>\n\t\t\t\t\t\t\t\t\t\t\t\t\t\t\t<\/div>\n\t\t\t\t\t\t<\/div>\n\t\t\t\t\t\t\t\t\t<\/div>\n\n\t\t\t\t<div class=\"flex flex-col justify-center flex-1 mt-8 lg:mt-0 contenuto\">\n\n\t\t\t\t\t<!-- titolo -->\n\t\t\t\t\t\n\t\t\t\t\t<!-- sottotitolo -->\n\t\t\t\t\t\n\t\t\t\t\t<!-- contenuto -->\n\t\t\t\t\t\t\t\t\t\t\t<div class=\"mt-8 testo\">\n\t\t\t\t\t\t\t<p>Im Derby beginnt der Tag mit einer einfachen, aber au\u00dfergew\u00f6hnlichen Geste: einem Fr\u00fchst\u00fcck, das nach Zuhause, nach guten Dingen und nach authentischer Gastfreundschaft der Romagna duftet. Jeden Morgen erwartet Sie ein reichhaltiges, mit Sorgfalt zubereitetes Buffet, das nicht nur der Ern\u00e4hrung dient, sondern auch Freude und kleine Momente des Gl\u00fccks schenkt. Frisch gebackenes Brot, duftende und luftige Croissants, handgemachte Kekse und traditionelle S\u00fc\u00dfspeisen wechseln sich ab mit frischem Obst der Saison, cremigem Joghurt, hausgemachten Marmeladen und einer Auswahl an hochwertigen herzhaften Speisen: Jedes Produkt wird sorgf\u00e4ltig ausgew\u00e4hlt, oft lokal und unverf\u00e4lscht, um Ihnen ein Erlebnis zu bieten, das nach Authentizit\u00e4t und Regionalit\u00e4t schmeckt.<\/p>\n<p>Die Vielfalt des Buffets erm\u00f6glicht es jedem Gast, das zu finden, was er liebt, von einfachen und vertrauten Geschmacksrichtungen bis hin zu kleinen \u00dcberraschungen, die das Fr\u00fchst\u00fcck zu einem besonderen Moment machen. Hier z\u00e4hlt jedes Detail: von den verlockenden D\u00fcften, die in der Luft liegen, bis hin zum aufmerksamen und diskreten Service, der Sie ganz nat\u00fcrlich begleitet.<\/p>\n\t\t\t\t\t\t<\/div>\n\t\t\t\t\t\n\t\t\t\t\t<!-- link -->\n\t\t\t\t\t\t\t\t\t\t\t\n\t\t\t\t\t\t\t\n\t\t\t\t\t\t\t\t\t\t\t\n\t\t\t\t<\/div>\n\t\t\t<\/div>\n\n\t\t\n\t\t\t<div class=\"flex flex-col gap-4 mb-16 lg:rfs:gap-24 sm:rfs:mb-32 lg:flex-row lg:odd:flex-row-reverse\">\n\n\t\t\t\t<div class=\"flex items-center justify-center flex-1 gallery-container simple-lightbox-container\">\n\n\t\t\t\t\t<!-- gallery -->\n\t\t\t\t\t\t\t\t\t\t\t<div class=\"slider-gallery\">\n\t\t\t\t\t\t\t<div>\n\t\t\t\t\t\t\t\t\t\t\t\t\t\t\t\t\t\t\t\t\t\t\t\t\t\t<div class=\"relative simple-lightbox\">\n\n\t\t\t\t\t\t\t\t\t\t<a class=\"group\" href=\"https:\/\/derbyriccione.it\/wp-content\/uploads\/2024\/07\/ristorante_6.jpg\">\n\n\t\t\t\t\t\t\t\t\t\t\t<!-- effetto hover foto -->\n\t\t\t\t\t\t\t\t\t\t\t<div class=\"absolute text-white flex items-center text-4xl justify-center inset-0 z-10 w-[40px] h-[40px] -translate-x-6\/12 -translate-y-6\/12 left-[50%] top-[40%] transition-all duration-300 bg-firstColor-500 opacity-0 bg-opacity-0 group-hover:top-[50%] group-hover:opacity-100 group-hover:bg-opacity-100\">\n\t\t\t\t\t\t\t\t\t\t\t\t+\n\t\t\t\t\t\t\t\t\t\t\t<\/div>\n\t\t\t\t\t\t\t\t\t\t\t<!-- fine effetto hover foto -->\n\n\t\t\t\t\t\t\t\t\t\t\t<img loading=\"lazy\" decoding=\"async\" width=\"800\" height=\"1200\" src=\"https:\/\/derbyriccione.it\/wp-content\/uploads\/2024\/07\/ristorante_6.jpg\" class=\"w-full h-full object-cover aspect-3\/4\" alt=\"\" srcset=\"https:\/\/derbyriccione.it\/wp-content\/uploads\/2024\/07\/ristorante_6.jpg 800w, https:\/\/derbyriccione.it\/wp-content\/uploads\/2024\/07\/ristorante_6-320x480.jpg 320w, https:\/\/derbyriccione.it\/wp-content\/uploads\/2024\/07\/ristorante_6-768x1152.jpg 768w\" sizes=\"auto, (max-width: 800px) 100vw, 800px\" \/>\t\t\t\t\t\t\t\t\t\t<\/a>\n\n\t\t\t\t\t\t\t\t\t<\/div>\n\t\t\t\t\t\t\t\t\t\t\t\t\t\t\t\t\t\t\t\t\t\t\t\t\t\t<div class=\"relative simple-lightbox\">\n\n\t\t\t\t\t\t\t\t\t\t<a class=\"group\" href=\"https:\/\/derbyriccione.it\/wp-content\/uploads\/2024\/07\/ristorante_5.jpg\">\n\n\t\t\t\t\t\t\t\t\t\t\t<!-- effetto hover foto -->\n\t\t\t\t\t\t\t\t\t\t\t<div class=\"absolute text-white flex items-center text-4xl justify-center inset-0 z-10 w-[40px] h-[40px] -translate-x-6\/12 -translate-y-6\/12 left-[50%] top-[40%] transition-all duration-300 bg-firstColor-500 opacity-0 bg-opacity-0 group-hover:top-[50%] group-hover:opacity-100 group-hover:bg-opacity-100\">\n\t\t\t\t\t\t\t\t\t\t\t\t+\n\t\t\t\t\t\t\t\t\t\t\t<\/div>\n\t\t\t\t\t\t\t\t\t\t\t<!-- fine effetto hover foto -->\n\n\t\t\t\t\t\t\t\t\t\t\t<img loading=\"lazy\" decoding=\"async\" width=\"1200\" height=\"800\" src=\"https:\/\/derbyriccione.it\/wp-content\/uploads\/2024\/07\/ristorante_5.jpg\" class=\"w-full h-full object-cover aspect-3\/4\" alt=\"\" srcset=\"https:\/\/derbyriccione.it\/wp-content\/uploads\/2024\/07\/ristorante_5.jpg 1200w, https:\/\/derbyriccione.it\/wp-content\/uploads\/2024\/07\/ristorante_5-480x320.jpg 480w, https:\/\/derbyriccione.it\/wp-content\/uploads\/2024\/07\/ristorante_5-768x512.jpg 768w\" sizes=\"auto, (max-width: 1200px) 100vw, 1200px\" \/>\t\t\t\t\t\t\t\t\t\t<\/a>\n\n\t\t\t\t\t\t\t\t\t<\/div>\n\t\t\t\t\t\t\t\t\t\t\t\t\t\t\t\t\t\t\t\t\t\t\t\t\t\t<div class=\"relative simple-lightbox\">\n\n\t\t\t\t\t\t\t\t\t\t<a class=\"group\" href=\"https:\/\/derbyriccione.it\/wp-content\/uploads\/2024\/07\/ristorante_4.jpg\">\n\n\t\t\t\t\t\t\t\t\t\t\t<!-- effetto hover foto -->\n\t\t\t\t\t\t\t\t\t\t\t<div class=\"absolute text-white flex items-center text-4xl justify-center inset-0 z-10 w-[40px] h-[40px] -translate-x-6\/12 -translate-y-6\/12 left-[50%] top-[40%] transition-all duration-300 bg-firstColor-500 opacity-0 bg-opacity-0 group-hover:top-[50%] group-hover:opacity-100 group-hover:bg-opacity-100\">\n\t\t\t\t\t\t\t\t\t\t\t\t+\n\t\t\t\t\t\t\t\t\t\t\t<\/div>\n\t\t\t\t\t\t\t\t\t\t\t<!-- fine effetto hover foto -->\n\n\t\t\t\t\t\t\t\t\t\t\t<img loading=\"lazy\" decoding=\"async\" width=\"800\" height=\"1200\" src=\"https:\/\/derbyriccione.it\/wp-content\/uploads\/2024\/07\/ristorante_4.jpg\" class=\"w-full h-full object-cover aspect-3\/4\" alt=\"\" srcset=\"https:\/\/derbyriccione.it\/wp-content\/uploads\/2024\/07\/ristorante_4.jpg 800w, https:\/\/derbyriccione.it\/wp-content\/uploads\/2024\/07\/ristorante_4-320x480.jpg 320w, https:\/\/derbyriccione.it\/wp-content\/uploads\/2024\/07\/ristorante_4-768x1152.jpg 768w\" sizes=\"auto, (max-width: 800px) 100vw, 800px\" \/>\t\t\t\t\t\t\t\t\t\t<\/a>\n\n\t\t\t\t\t\t\t\t\t<\/div>\n\t\t\t\t\t\t\t\t\t\t\t\t\t\t\t\t\t\t\t\t\t\t\t\t\t\t<div class=\"relative simple-lightbox\">\n\n\t\t\t\t\t\t\t\t\t\t<a class=\"group\" href=\"https:\/\/derbyriccione.it\/wp-content\/uploads\/2024\/07\/ristorante_2.jpg\">\n\n\t\t\t\t\t\t\t\t\t\t\t<!-- effetto hover foto -->\n\t\t\t\t\t\t\t\t\t\t\t<div class=\"absolute text-white flex items-center text-4xl justify-center inset-0 z-10 w-[40px] h-[40px] -translate-x-6\/12 -translate-y-6\/12 left-[50%] top-[40%] transition-all duration-300 bg-firstColor-500 opacity-0 bg-opacity-0 group-hover:top-[50%] group-hover:opacity-100 group-hover:bg-opacity-100\">\n\t\t\t\t\t\t\t\t\t\t\t\t+\n\t\t\t\t\t\t\t\t\t\t\t<\/div>\n\t\t\t\t\t\t\t\t\t\t\t<!-- fine effetto hover foto -->\n\n\t\t\t\t\t\t\t\t\t\t\t<img loading=\"lazy\" decoding=\"async\" width=\"800\" height=\"1200\" src=\"https:\/\/derbyriccione.it\/wp-content\/uploads\/2024\/07\/ristorante_2.jpg\" class=\"w-full h-full object-cover aspect-3\/4\" alt=\"\" srcset=\"https:\/\/derbyriccione.it\/wp-content\/uploads\/2024\/07\/ristorante_2.jpg 800w, https:\/\/derbyriccione.it\/wp-content\/uploads\/2024\/07\/ristorante_2-320x480.jpg 320w, https:\/\/derbyriccione.it\/wp-content\/uploads\/2024\/07\/ristorante_2-768x1152.jpg 768w\" sizes=\"auto, (max-width: 800px) 100vw, 800px\" \/>\t\t\t\t\t\t\t\t\t\t<\/a>\n\n\t\t\t\t\t\t\t\t\t<\/div>\n\t\t\t\t\t\t\t\t\t\t\t\t\t\t\t<\/div>\n\t\t\t\t\t\t<\/div>\n\t\t\t\t\t\t\t\t\t<\/div>\n\n\t\t\t\t<div class=\"flex flex-col justify-center flex-1 mt-8 lg:mt-0 contenuto\">\n\n\t\t\t\t\t<!-- titolo -->\n\t\t\t\t\t\n\t\t\t\t\t<!-- sottotitolo -->\n\t\t\t\t\t\n\t\t\t\t\t<!-- contenuto -->\n\t\t\t\t\t\t\t\t\t\t\t<div class=\"mt-8 testo\">\n\t\t\t\t\t\t\t<p>Es ist der Moment, in dem sich der Duft von Kaffee mit dem L\u00e4cheln der anderen G\u00e4ste vermischt und eine Umarmung von Aromen schafft, die nach Urlaub und gemeinsamer Freude schmeckt. Jeder Bissen erz\u00e4hlt von der Leidenschaft, mit der wir das, was wir Ihnen anbieten, ausw\u00e4hlen und zubereiten, und jeder Schluck begleitet Sie in einen neuen Tag voller Entspannung, Meer und Abenteuern unter der Sonne der Riviera.<br \/>\nIm Derby ist das Fr\u00fchst\u00fcck nicht nur eine Mahlzeit: Es ist ein kleines Ritual des Wohlbefindens, der Aufmerksamkeit und des Genusses, das daf\u00fcr gedacht ist, dass Sie sich wirklich wie zu Hause f\u00fchlen.<\/p>\n<p>\u00d6l, Wurstwaren, Fleisch, Fisch und andere Produkte mit DOC- und gesch\u00fctzter geografischer Angabe sind das Aush\u00e4ngeschild unseres Restaurants, und die schmackhaften Men\u00fcs werden jeden Morgen mit hausgemachter Pasta und Desserts abgerundet.<\/p>\n<p><strong>Wasser zu den Mahlzeiten ist im Preis inbegriffen.<\/strong><\/p>\n<p>Der mit Fernseher und Klimaanlage ausgestattete Speisesaal wird durch eine helle Veranda im Freien bereichert, die Ihnen nach einem Tag am Strand in der Sonne einen angenehmen und k\u00fchlen Treffpunkt bietet.<\/p>\n\t\t\t\t\t\t<\/div>\n\t\t\t\t\t\n\t\t\t\t\t<!-- link -->\n\t\t\t\t\t\t\t\t\t\t\t\n\t\t\t\t\t\t\t\n\t\t\t\t\t\t\t\t\t\t\t\n\t\t\t\t<\/div>\n\t\t\t<\/div>\n\n\t\t\t<\/div>","protected":false},"excerpt":{"rendered":"<p>Der einfache, authentische Urlaub in der Romagna<\/p>\n","protected":false},"author":1,"featured_media":0,"parent":0,"menu_order":0,"comment_status":"closed","ping_status":"closed","template":"","meta":{"_acf_changed":true,"footnotes":""},"categories":[],"tags":[],"class_list":["post-1348","page","type-page","status-publish","hentry","wpbf-post"],"acf":[],"_links":{"self":[{"href":"https:\/\/derbyriccione.it\/de\/wp-json\/wp\/v2\/pages\/1348","targetHints":{"allow":["GET"]}}],"collection":[{"href":"https:\/\/derbyriccione.it\/de\/wp-json\/wp\/v2\/pages"}],"about":[{"href":"https:\/\/derbyriccione.it\/de\/wp-json\/wp\/v2\/types\/page"}],"author":[{"embeddable":true,"href":"https:\/\/derbyriccione.it\/de\/wp-json\/wp\/v2\/users\/1"}],"replies":[{"embeddable":true,"href":"https:\/\/derbyriccione.it\/de\/wp-json\/wp\/v2\/comments?post=1348"}],"version-history":[{"count":0,"href":"https:\/\/derbyriccione.it\/de\/wp-json\/wp\/v2\/pages\/1348\/revisions"}],"wp:attachment":[{"href":"https:\/\/derbyriccione.it\/de\/wp-json\/wp\/v2\/media?parent=1348"}],"wp:term":[{"taxonomy":"category","embeddable":true,"href":"https:\/\/derbyriccione.it\/de\/wp-json\/wp\/v2\/categories?post=1348"},{"taxonomy":"post_tag","embeddable":true,"href":"https:\/\/derbyriccione.it\/de\/wp-json\/wp\/v2\/tags?post=1348"}],"curies":[{"name":"wp","href":"https:\/\/api.w.org\/{rel}","templated":true}]}}