{"id":1350,"date":"2024-07-01T16:54:06","date_gmt":"2024-07-01T14:54:06","guid":{"rendered":"http:\/\/derbyriccione.demo8.pensareweb.it\/ferien-in-riccione\/"},"modified":"2024-07-25T12:05:20","modified_gmt":"2024-07-25T10:05:20","slug":"ferien-in-riccione","status":"publish","type":"page","link":"https:\/\/derbyriccione.it\/de\/ferien-in-riccione\/","title":{"rendered":"Ferien in Riccione"},"content":{"rendered":"<!-- section hero -->\n<section data-aos=\"zoom-in-down\" class=\"relative flex flex-col justify-end h-screen px-4 pb-8 overflow-hidden hero wp-block-group vh-check-full-screen bg-amber-50 sm:justify-center\">\n\t\n\t<!-- <div class=\"absolute top-0 left-0 z-20 w-full h-full bg-black opacity-10\"><\/div> -->\n\n\t<!-- testo -->\n\t<div class=\"z-20 flex flex-col items-center justify-center h-full text-center text-white\">\n\n\t\t<div class=\"mt-6 text-6xl font-kristi drop-shadow-lg sm:ft-text-8xl\">\n\t\t\tFerien in Riccione\t\t<\/div>\n\n\t\t<div class=\"px-4 mt-6 ft-text-2xl drop-shadow-md sm:ft-text-xl\">\n\t\t\t\t\t<\/div>\n\n  \t<\/div>\n\n\t  <a href=\"#sec2\" class=\"z-20 block mx-auto text-white transition duration-500 transform hover:text-white hover:scale-110 group\">\n\n\t\t<svg class=\"w-6 h-6 mx-auto animate-bounce\" viewBox=\"0 0 24 24\" fill=\"none\" xmlns=\"http:\/\/www.w3.org\/2000\/svg\">\n\t\t\t<path d=\"M6 9L12 15L18 9\" stroke=\"#ffffff\" stroke-width=\"2\" stroke-linecap=\"round\" stroke-linejoin=\"round\"><\/path>\n\t\t<\/svg>\n\t<\/a>\n\n\t<!-- immagini slider -->\n\t<div class=\"absolute inset-0 z-10 w-full h-full\">\n\n\t<div>\n\t\t<div class=\"relative p-8 pt-0 slider\">\n\n\t\t\t<div>\n\n\t\t\t<div><img decoding=\"async\" class=\"object-cover object-bottom w-full h-screen overflow-hidden\" src=\"https:\/\/derbyriccione.it\/wp-content\/uploads\/2024\/07\/riccione_main.jpg\" alt=\"\" \/><\/div>\n\t\t\t<\/div>\n\t\t<\/div>\n\t<\/div>\n\n\t<\/div>\n\n<\/section>\n<!-- featured-1col-txt acf-block -->\n<div class=\"relative wp-block-group\">\n\n\t\t\t\t<div class=\"mx-8 max-w-7xl xl:mx-auto\">\n\t\t\t\t\n\t\t\t\t\t\t\t\t\t<h1 data-aos=\"zoom-in\" class=\"leading-tight font-kristi text-left ft-text-7xl\">\n\t\t\t\t\t\tFerien in Riccione\t\t\t\t\t<\/h1>\n\t\t\t\t\n\t\t\t\t<!-- sottotitolo -->\n\t\t\t\t\t\t\t\t<h3 data-aos=\"zoom-in\" data-aos-delay=\"50\" class=\"leading-tight text-firstColor-500 text-left ft-text-lg\">\n\t\t\t\t\tSpa\u00df, Entspannung, Wellness sind die Zutaten f\u00fcr einen Urlaub in Riccione\t\t\t\t<\/h3>\n\t\t\t\t\t\t\t\t\n\t\t\t\t<div data-aos=\"zoom-in\" data-aos-delay=\"100\" class=\"mt-8 text-left\">\n\t\t\t\t\t\t\t\t\t\t\t<p>Dieser Ferienort, einer der bekanntesten an der adriatischen Riviera und in Italien, ist seit jeher ein <strong>Bezugspunkt f\u00fcr einen Badeurlaub mit viel Unterhaltung<\/strong>, aber auch vielen Attraktionen und M\u00f6glichkeiten, die keine W\u00fcnsche offen lassen. Riccione ist wegen seiner Villen im Gr\u00fcnen als \u201eGr\u00fcne Perle der Adria\u201c bekannt, und seine Geschichte als touristische Attraktion ist sehr alt, schon im 19. Jahrhundert wurde dieser Ort wegen seines Meeres, seiner Dienstleistungen und der exquisiten, weltber\u00fchmten romagnolischen Gastfreundschaft gew\u00e4hlt. Seitdem hat sich nichts ge\u00e4ndert, und jedes Jahr erneuert diese Stadt ihr touristisches Angebot, indem sie sich neu erfindet und immer neue M\u00f6glichkeiten f\u00fcr einen perfekten Strandurlaub bietet. <strong>Tausende von Touristen aus der ganzen Welt w\u00e4hlen Riccione f\u00fcr ihren Urlaub, nicht nur im Sommer, denn Riccione ist das ganze Jahr \u00fcber charmant und lebendig.<\/strong><\/p>\n\t\t\t\t\t\t\t\t\t<\/div>\n\t\t\t<\/div>\n\n<\/div><!-- block:repeater-content acf-block -->\n<div class=\"relative mx-8 lg:mx-auto max-w-7xl repeater-content wp-block-group\">\n\t\n\n\t<div class=\"absolute  -top-[100px] -left-[200px]  w-[400px]\" data-aos=\"fade-down-right\"\n     data-aos-easing=\"linear\"\n     data-aos-duration=\"1500\">\n\t<img decoding=\"async\" class=\"opacity-20 xl:opacity-40\" src=\"https:\/\/derbyriccione.it\/wp-content\/themes\/pbf-child\/build\/\/img\/sfondi\/fiori.png\"\/>\n<\/div>\n\t<div class=\"absolute -bottom-[200px] -right-[200px] w-[400px]\" data-aos=\"fade-down-left\"\n     data-aos-easing=\"linear\"\n     data-aos-duration=\"1500\">\n     <img decoding=\"async\" class=\"transform rotate-180 opacity-20 xl:opacity-100\" src=\"https:\/\/derbyriccione.it\/wp-content\/themes\/pbf-child\/build\/\/img\/sfondi\/fiori.png\"\/>\n<\/div>\n\t\t\t\n\t\t\t<div class=\"flex flex-col gap-4 mb-16 lg:rfs:gap-24 sm:rfs:mb-32 lg:flex-row lg:odd:flex-row-reverse\">\n\n\t\t\t\t<div class=\"flex items-center justify-center flex-1 gallery-container simple-lightbox-container\">\n\n\t\t\t\t\t<!-- gallery -->\n\t\t\t\t\t\t\t\t\t\t\t<div class=\"slider-gallery\">\n\t\t\t\t\t\t\t<div>\n\t\t\t\t\t\t\t\t\t\t\t\t\t\t\t\t\t\t\t\t\t\t\t\t\t\t<div class=\"relative simple-lightbox\">\n\n\t\t\t\t\t\t\t\t\t\t<a class=\"group\" href=\"https:\/\/derbyriccione.it\/wp-content\/uploads\/2024\/07\/riccione_2.jpg\">\n\n\t\t\t\t\t\t\t\t\t\t\t<!-- effetto hover foto -->\n\t\t\t\t\t\t\t\t\t\t\t<div class=\"absolute text-white flex items-center text-4xl justify-center inset-0 z-10 w-[40px] h-[40px] -translate-x-6\/12 -translate-y-6\/12 left-[50%] top-[40%] transition-all duration-300 bg-firstColor-500 opacity-0 bg-opacity-0 group-hover:top-[50%] group-hover:opacity-100 group-hover:bg-opacity-100\">\n\t\t\t\t\t\t\t\t\t\t\t\t+\n\t\t\t\t\t\t\t\t\t\t\t<\/div>\n\t\t\t\t\t\t\t\t\t\t\t<!-- fine effetto hover foto -->\n\n\t\t\t\t\t\t\t\t\t\t\t<img loading=\"lazy\" decoding=\"async\" width=\"1600\" height=\"900\" src=\"https:\/\/derbyriccione.it\/wp-content\/uploads\/2024\/07\/riccione_2.jpg\" class=\"w-full h-full object-cover aspect-3\/4\" alt=\"\" srcset=\"https:\/\/derbyriccione.it\/wp-content\/uploads\/2024\/07\/riccione_2.jpg 1600w, https:\/\/derbyriccione.it\/wp-content\/uploads\/2024\/07\/riccione_2-480x270.jpg 480w, https:\/\/derbyriccione.it\/wp-content\/uploads\/2024\/07\/riccione_2-1280x720.jpg 1280w, https:\/\/derbyriccione.it\/wp-content\/uploads\/2024\/07\/riccione_2-768x432.jpg 768w\" sizes=\"auto, (max-width: 1600px) 100vw, 1600px\" \/>\t\t\t\t\t\t\t\t\t\t<\/a>\n\n\t\t\t\t\t\t\t\t\t<\/div>\n\t\t\t\t\t\t\t\t\t\t\t\t\t\t\t<\/div>\n\t\t\t\t\t\t<\/div>\n\t\t\t\t\t\t\t\t\t<\/div>\n\n\t\t\t\t<div class=\"flex flex-col justify-center flex-1 mt-8 lg:mt-0 contenuto\">\n\n\t\t\t\t\t<!-- titolo -->\n\t\t\t\t\t\n\t\t\t\t\t<!-- sottotitolo -->\n\t\t\t\t\t\n\t\t\t\t\t<!-- contenuto -->\n\t\t\t\t\t\t\t\t\t\t\t<div class=\"mt-8 testo\">\n\t\t\t\t\t\t\t<p>Neben dem langen Sandstrand, dem Meer mit seichtem Wasser und dem herrlich ausgestatteten Strand bietet Riccione alles, was man sich an Unterhaltung w\u00fcnscht, wie Diskotheken und angesagte Clubs, aber auch viel f\u00fcr diejenigen, die einen erholsamen Urlaub w\u00fcnschen, f\u00fcr diejenigen, die Sport treiben wollen, oder f\u00fcr diejenigen, die Wellness im Urlaub lieben, dank der Thermen. <strong>Riccione eignet sich auch hervorragend f\u00fcr einen Familienurlaub<\/strong>, nicht nur wegen der Unterkunftsm\u00f6glichkeiten und des Strandes, sondern auch wegen der zahlreichen Vergn\u00fcgungsm\u00f6glichkeiten wie Spielpl\u00e4tze und Themenparks, Wasserparks wie Aquafan und den zahlreichen Veranstaltungen, die ihnen gewidmet sind.<\/p>\n\t\t\t\t\t\t<\/div>\n\t\t\t\t\t\n\t\t\t\t\t<!-- link -->\n\t\t\t\t\t\t\t\t\t\t\t\n\t\t\t\t\t\t\t\n\t\t\t\t\t\t\t\t\t\t\t\n\t\t\t\t<\/div>\n\t\t\t<\/div>\n\n\t\t\n\t\t\t<div class=\"flex flex-col gap-4 mb-16 lg:rfs:gap-24 sm:rfs:mb-32 lg:flex-row lg:odd:flex-row-reverse\">\n\n\t\t\t\t<div class=\"flex items-center justify-center flex-1 gallery-container simple-lightbox-container\">\n\n\t\t\t\t\t<!-- gallery -->\n\t\t\t\t\t\t\t\t\t\t\t<div class=\"slider-gallery\">\n\t\t\t\t\t\t\t<div>\n\t\t\t\t\t\t\t\t\t\t\t\t\t\t\t\t\t\t\t\t\t\t\t\t\t\t<div class=\"relative simple-lightbox\">\n\n\t\t\t\t\t\t\t\t\t\t<a class=\"group\" href=\"https:\/\/derbyriccione.it\/wp-content\/uploads\/2024\/07\/riccione_1.jpg\">\n\n\t\t\t\t\t\t\t\t\t\t\t<!-- effetto hover foto -->\n\t\t\t\t\t\t\t\t\t\t\t<div class=\"absolute text-white flex items-center text-4xl justify-center inset-0 z-10 w-[40px] h-[40px] -translate-x-6\/12 -translate-y-6\/12 left-[50%] top-[40%] transition-all duration-300 bg-firstColor-500 opacity-0 bg-opacity-0 group-hover:top-[50%] group-hover:opacity-100 group-hover:bg-opacity-100\">\n\t\t\t\t\t\t\t\t\t\t\t\t+\n\t\t\t\t\t\t\t\t\t\t\t<\/div>\n\t\t\t\t\t\t\t\t\t\t\t<!-- fine effetto hover foto -->\n\n\t\t\t\t\t\t\t\t\t\t\t<img loading=\"lazy\" decoding=\"async\" width=\"1437\" height=\"1200\" src=\"https:\/\/derbyriccione.it\/wp-content\/uploads\/2024\/07\/riccione_1.jpg\" class=\"w-full h-full object-cover aspect-3\/4\" alt=\"\" srcset=\"https:\/\/derbyriccione.it\/wp-content\/uploads\/2024\/07\/riccione_1.jpg 1437w, https:\/\/derbyriccione.it\/wp-content\/uploads\/2024\/07\/riccione_1-480x401.jpg 480w, https:\/\/derbyriccione.it\/wp-content\/uploads\/2024\/07\/riccione_1-1280x1069.jpg 1280w, https:\/\/derbyriccione.it\/wp-content\/uploads\/2024\/07\/riccione_1-768x641.jpg 768w\" sizes=\"auto, (max-width: 1437px) 100vw, 1437px\" \/>\t\t\t\t\t\t\t\t\t\t<\/a>\n\n\t\t\t\t\t\t\t\t\t<\/div>\n\t\t\t\t\t\t\t\t\t\t\t\t\t\t\t<\/div>\n\t\t\t\t\t\t<\/div>\n\t\t\t\t\t\t\t\t\t<\/div>\n\n\t\t\t\t<div class=\"flex flex-col justify-center flex-1 mt-8 lg:mt-0 contenuto\">\n\n\t\t\t\t\t<!-- titolo -->\n\t\t\t\t\t\n\t\t\t\t\t<!-- sottotitolo -->\n\t\t\t\t\t\n\t\t\t\t\t<!-- contenuto -->\n\t\t\t\t\t\t\t\t\t\t\t<div class=\"mt-8 testo\">\n\t\t\t\t\t\t\t<p>Man denke nur an die ber\u00fchmte Notte Rosa, die Silvesternacht des Sommers, die Feierlichkeiten am 31. Dezember, die Ferragosto am Strand mit Radio Deejay-Terminen w\u00e4hrend des ganzen Sommers und die Konzerte und Paraden an der Strandpromenade, die immer in Mode sind und von jungen Leuten besucht werden. Und auch f\u00fcr Gesch\u00e4ftsreisende ist <strong>Riccione ein Anziehungspunkt. Dank des Kongresszentrums und der zahlreichen Messen und Fachveranstaltungen<\/strong> ist die Stadt auch au\u00dferhalb der Saison ein Anziehungspunkt: Berufliche Termine erhalten an diesem besonderen Ort eine besondere Note.<\/p>\n\t\t\t\t\t\t<\/div>\n\t\t\t\t\t\n\t\t\t\t\t<!-- link -->\n\t\t\t\t\t\t\t\t\t\t\t\n\t\t\t\t\t\t\t\n\t\t\t\t\t\t\t\t\t\t\t\n\t\t\t\t<\/div>\n\t\t\t<\/div>\n\n\t\t\t<\/div>","protected":false},"excerpt":{"rendered":"","protected":false},"author":1,"featured_media":0,"parent":0,"menu_order":0,"comment_status":"closed","ping_status":"closed","template":"","meta":{"_acf_changed":false,"footnotes":""},"categories":[],"tags":[],"class_list":["post-1350","page","type-page","status-publish","hentry","wpbf-post"],"acf":[],"_links":{"self":[{"href":"https:\/\/derbyriccione.it\/de\/wp-json\/wp\/v2\/pages\/1350","targetHints":{"allow":["GET"]}}],"collection":[{"href":"https:\/\/derbyriccione.it\/de\/wp-json\/wp\/v2\/pages"}],"about":[{"href":"https:\/\/derbyriccione.it\/de\/wp-json\/wp\/v2\/types\/page"}],"author":[{"embeddable":true,"href":"https:\/\/derbyriccione.it\/de\/wp-json\/wp\/v2\/users\/1"}],"replies":[{"embeddable":true,"href":"https:\/\/derbyriccione.it\/de\/wp-json\/wp\/v2\/comments?post=1350"}],"version-history":[{"count":0,"href":"https:\/\/derbyriccione.it\/de\/wp-json\/wp\/v2\/pages\/1350\/revisions"}],"wp:attachment":[{"href":"https:\/\/derbyriccione.it\/de\/wp-json\/wp\/v2\/media?parent=1350"}],"wp:term":[{"taxonomy":"category","embeddable":true,"href":"https:\/\/derbyriccione.it\/de\/wp-json\/wp\/v2\/categories?post=1350"},{"taxonomy":"post_tag","embeddable":true,"href":"https:\/\/derbyriccione.it\/de\/wp-json\/wp\/v2\/tags?post=1350"}],"curies":[{"name":"wp","href":"https:\/\/api.w.org\/{rel}","templated":true}]}}